{"id":13,"date":"2018-05-21T20:21:27","date_gmt":"2018-05-21T18:21:27","guid":{"rendered":"https:\/\/www.cegeptr.qc.ca\/leo\/?page_id=13"},"modified":"2019-11-06T13:49:14","modified_gmt":"2019-11-06T18:49:14","slug":"accueil","status":"publish","type":"page","link":"https:\/\/www.cegeptr.qc.ca\/leo\/","title":{"rendered":"Accueil"},"content":{"rendered":"<p>Bienvenue dans la boite d\u2019outils du C\u00e9gep de Trois-Rivi\u00e8res. D\u00e9j\u00e0 un premier pas vers ta r\u00e9ussite scolaire. Nous te confirmons que tu es \u00e0 la bonne place. Ici, tu trouveras des outils pour t\u2019aider au sujet de diff\u00e9rentes th\u00e9matiques, qui ont \u00e9t\u00e9 d\u00e9velopp\u00e9s par des experts ayant \u00e0 c\u0153ur ton projet d\u2019\u00e9tudes.<\/p>\n<p>La boite se veut simple et te propose une d\u00e9marche autodidacte. Deux fa\u00e7ons d\u2019y naviguer\u00a0:<\/p>\n<ul>\n<li>En choisissant l\u2019onglet pertinent en fonction des th\u00e9matiques que tu souhaites consulter. Clique sur une des trois cat\u00e9gories afin de faire appara\u00eetre l\u2019ensemble des sujets sur le menu d\u00e9roulant.<\/li>\n<li>En compl\u00e9tant le <a href=\"https:\/\/leoquestionnaire.cegep3r.org\/profil.php\">questionnaire<\/a> qui te sugg\u00e9rera des th\u00e9matiques en fonction de ta situation.<\/li>\n<\/ul>\n<h3><strong>Visionne le tutoriel pour en savoir plus<\/strong><\/h3>\n<p><iframe src=\"https:\/\/www.youtube.com\/embed\/53UyWpc_QAs\" width=\"700\" height=\"400\" frameborder=\"0\" allowfullscreen=\"allowfullscreen\"><span data-mce-type=\"bookmark\" style=\"display: inline-block; width: 0px; overflow: hidden; line-height: 0;\" class=\"mce_SELRES_start\">\ufeff<\/span><\/iframe><\/p>\n<p>&nbsp;<\/p>\n<p>Les travaux de conception de L\u00c9O ont \u00e9t\u00e9 dirig\u00e9es par Caroline Hamel, conseill\u00e8re p\u00e9dagogique, et Rosanne Gauthier, aide p\u00e9dagogique individuelle, qui souhaitent remercier sinc\u00e8rement toutes les personnes qui y ont collabor\u00e9.<\/p>\n<p><img decoding=\"async\" class=\"alignnone wp-image-719\" src=\"https:\/\/www.cegeptr.qc.ca\/leo\/wp-content\/uploads\/sites\/32\/2019\/11\/Nuage-remerciements_nov19.png\" alt=\"\" width=\"700\" height=\"525\" srcset=\"https:\/\/www.cegeptr.qc.ca\/leo\/wp-content\/uploads\/sites\/32\/2019\/11\/Nuage-remerciements_nov19-200x150.png 200w, https:\/\/www.cegeptr.qc.ca\/leo\/wp-content\/uploads\/sites\/32\/2019\/11\/Nuage-remerciements_nov19-300x225.png 300w, https:\/\/www.cegeptr.qc.ca\/leo\/wp-content\/uploads\/sites\/32\/2019\/11\/Nuage-remerciements_nov19-400x300.png 400w, https:\/\/www.cegeptr.qc.ca\/leo\/wp-content\/uploads\/sites\/32\/2019\/11\/Nuage-remerciements_nov19-600x450.png 600w, https:\/\/www.cegeptr.qc.ca\/leo\/wp-content\/uploads\/sites\/32\/2019\/11\/Nuage-remerciements_nov19-768x576.png 768w, https:\/\/www.cegeptr.qc.ca\/leo\/wp-content\/uploads\/sites\/32\/2019\/11\/Nuage-remerciements_nov19-800x600.png 800w, https:\/\/www.cegeptr.qc.ca\/leo\/wp-content\/uploads\/sites\/32\/2019\/11\/Nuage-remerciements_nov19.png 1024w\" sizes=\"(max-width: 700px) 100vw, 700px\" \/><\/p>\n","protected":false},"excerpt":{"rendered":"<p>Bienvenue dans la boite d\u2019outils du C\u00e9gep de Trois-Rivi\u00e8res. D\u00e9j\u00e0 un premier pas vers ta r\u00e9ussite scolaire. Nous te confirmons que tu es \u00e0 la bonne place. Ici, tu trouveras des outils pour t\u2019aider au sujet de diff\u00e9rentes th\u00e9matiques, qui ont \u00e9t\u00e9 d\u00e9velopp\u00e9s par des experts ayant \u00e0 c\u0153ur ton projet d\u2019\u00e9tudes. La boite se [&hellip;]<\/p>\n","protected":false},"author":40,"featured_media":0,"parent":0,"menu_order":0,"comment_status":"closed","ping_status":"closed","template":"","meta":{"_acf_changed":false,"footnotes":""},"class_list":["post-13","page","type-page","status-publish","hentry"],"acf":[],"_links":{"self":[{"href":"https:\/\/www.cegeptr.qc.ca\/leo\/wp-json\/wp\/v2\/pages\/13","targetHints":{"allow":["GET"]}}],"collection":[{"href":"https:\/\/www.cegeptr.qc.ca\/leo\/wp-json\/wp\/v2\/pages"}],"about":[{"href":"https:\/\/www.cegeptr.qc.ca\/leo\/wp-json\/wp\/v2\/types\/page"}],"author":[{"embeddable":true,"href":"https:\/\/www.cegeptr.qc.ca\/leo\/wp-json\/wp\/v2\/users\/40"}],"replies":[{"embeddable":true,"href":"https:\/\/www.cegeptr.qc.ca\/leo\/wp-json\/wp\/v2\/comments?post=13"}],"version-history":[{"count":24,"href":"https:\/\/www.cegeptr.qc.ca\/leo\/wp-json\/wp\/v2\/pages\/13\/revisions"}],"predecessor-version":[{"id":721,"href":"https:\/\/www.cegeptr.qc.ca\/leo\/wp-json\/wp\/v2\/pages\/13\/revisions\/721"}],"wp:attachment":[{"href":"https:\/\/www.cegeptr.qc.ca\/leo\/wp-json\/wp\/v2\/media?parent=13"}],"curies":[{"name":"wp","href":"https:\/\/api.w.org\/{rel}","templated":true}]}}