{"id":346,"date":"2019-02-28T11:06:02","date_gmt":"2019-02-28T16:06:02","guid":{"rendered":"https:\/\/www.cegeptr.qc.ca\/leo\/?page_id=346"},"modified":"2020-05-13T10:10:19","modified_gmt":"2020-05-13T14:10:19","slug":"je-ne-suis-pas-heureux-dans-mon-programme","status":"publish","type":"page","link":"https:\/\/www.cegeptr.qc.ca\/leo\/personnel\/orientation-professionnelle\/je-ne-suis-pas-heureux-dans-mon-programme\/","title":{"rendered":"Je ne suis pas heureux dans mon programme"},"content":{"rendered":"<h1>Je ne suis pas heureux dans mon programme<\/h1>\n<p>Tu remets en question le choix de ton programme, tu ne te sens pas \u00e0 ta place, tu n\u2019es pas heureux dans ton programme\u2026<\/p>\n<p>Avant de tout abandonner, prends le temps de t\u2019arr\u00eater pour r\u00e9fl\u00e9chir et analyser la situation. Avant de quitter un programme, il faut comprendre et analyser les raisons qui te poussent \u00e0 remettre en question ton choix.<\/p>\n<h2>Pr\u00e9sentement, tu es inscrit dans un programme :<\/h2>\n<h3><strong>Programme pr\u00e9universitaire<\/strong><\/h3>\n<p>Voici quelques questions pour t\u2019aider dans ta r\u00e9flexion.<\/p>\n<ol style=\"list-style-type: lower-alpha;\">\n<li>Je vise \u00e0 faire des \u00e9tudes universitaires<\/li>\n<li>J\u2019aime les \u00e9tudes et \u00e9tudier<\/li>\n<li>La majorit\u00e9 des cours de formation sp\u00e9cifique m\u2019int\u00e9ressent<\/li>\n<li>Je crois avoir les aptitudes pour r\u00e9ussir dans ce programme<\/li>\n<li>Je suis pr\u00eat \u00e0 compl\u00e9ter deux ans de cours g\u00e9n\u00e9raux et th\u00e9oriques<\/li>\n<li>J\u2019ai identifi\u00e9 quelques programmes ou secteurs d\u2019activit\u00e9 qui\u00a0m\u2019int\u00e9ressent \u00e0 l\u2019universit\u00e9 (ex. : gestion, relation d\u2019aide, etc.)<\/li>\n<\/ol>\n<p>Si tu as r\u00e9pondu \u00ab\u2009non\u2009\u00bb \u00e0 la majorit\u00e9 de ces questions, tu n\u2019as probablement pas choisi ce programme pour les bonnes raisons. Il faut effectivement penser \u00e0 faire un processus d\u2019orientation. Nous t\u2019invitons \u00e0 suivre les \u00e9tapes d\u2019une d\u00e9marche d\u2019orientation par soi-m\u00eame.<\/p>\n<p><a href=\"https:\/\/www.cegeptr.qc.ca\/leo\/personnel\/orientation-professionnelle\/orientation-soi-meme\/\"><img decoding=\"async\" class=\"alignnone wp-image-421 size-full\" src=\"https:\/\/www.cegeptr.qc.ca\/leo\/wp-content\/uploads\/sites\/32\/2019\/03\/bulle-aucune-idee.jpg\" alt=\"\" width=\"128\" height=\"128\" srcset=\"https:\/\/www.cegeptr.qc.ca\/leo\/wp-content\/uploads\/sites\/32\/2019\/03\/bulle-aucune-idee-66x66.jpg 66w, https:\/\/www.cegeptr.qc.ca\/leo\/wp-content\/uploads\/sites\/32\/2019\/03\/bulle-aucune-idee.jpg 128w\" sizes=\"(max-width: 128px) 100vw, 128px\" \/><\/a><\/p>\n<p>Si tu as r\u00e9pondu \u00ab\u2009non\u2009\u00bb aux questions c, d et f et \u00ab\u2009oui\u2009\u00bb aux autres, nous t\u2019invitons \u00e0 explorer les autres <a href=\"https:\/\/www.cegeptr.qc.ca\/cours-cegep\/formations-preuniversitaires\/\" target=\"_blank\" rel=\"noopener noreferrer\">programmes pr\u00e9universitaires<\/a>.<\/p>\n<p>Si tu n\u2019as aucune id\u00e9e de ce que tu veux \u00e9tudier \u00e0 l\u2019universit\u00e9, clique sur le bouton \u00ab Je n\u2019ai aucune id\u00e9e de ce que je veux faire dans la vie \u00bb.<\/p>\n<h3><strong>Programme technique<\/strong><\/h3>\n<p>Voici quelques questions pour t\u2019aider dans ta r\u00e9flexion.<\/p>\n<ol style=\"list-style-type: lower-alpha;\">\n<li>Je cherche une formation concr\u00e8te qui m\u00e8ne au march\u00e9 du travail<\/li>\n<li>La majorit\u00e9 des cours de formation sp\u00e9cifique m\u2019int\u00e9ressent<\/li>\n<li>Je suis pr\u00eat \u00e0 investir du temps dans des travaux scolaires et dans\u00a0de l\u2019\u00e9tude pendant 3 ans<\/li>\n<li>Les postes offerts et les milieux de travail m\u2019int\u00e9ressent<\/li>\n<li>Je crois avoir les aptitudes pour r\u00e9ussir dans mes \u00e9tudes\u00a0et dans ce domaine<\/li>\n<li>Les conditions de travail sont satisfaisantes pour moi<\/li>\n<li>Je crois avoir les aptitudes pour r\u00e9ussir les cours de formation g\u00e9n\u00e9rale (fran\u00e7ais, philosophie, etc.)<\/li>\n<\/ol>\n<p>Si tu as r\u00e9pondu \u00ab\u2009non\u2009\u00bb \u00e0 la majorit\u00e9 de ces questions, tu n\u2019as probablement pas choisi ce programme pour les bonnes raisons. Il faut effectivement penser \u00e0 faire un processus d\u2019orientation. Nous t\u2019invitons \u00e0 cliquer sur l\u2019onglet pour suivre les \u00e9tapes d\u2019une d\u00e9marche d\u2019orientation par soi-m\u00eame.<\/p>\n<p><a href=\"https:\/\/www.cegeptr.qc.ca\/leo\/personnel\/orientation-professionnelle\/orientation-soi-meme\/\"><img decoding=\"async\" class=\"alignnone wp-image-421 size-full\" src=\"https:\/\/www.cegeptr.qc.ca\/leo\/wp-content\/uploads\/sites\/32\/2019\/03\/bulle-aucune-idee.jpg\" alt=\"\" width=\"128\" height=\"128\" srcset=\"https:\/\/www.cegeptr.qc.ca\/leo\/wp-content\/uploads\/sites\/32\/2019\/03\/bulle-aucune-idee-66x66.jpg 66w, https:\/\/www.cegeptr.qc.ca\/leo\/wp-content\/uploads\/sites\/32\/2019\/03\/bulle-aucune-idee.jpg 128w\" sizes=\"(max-width: 128px) 100vw, 128px\" \/><\/a><\/p>\n<p>Si tu as r\u00e9pondu \u00ab\u2009non\u2009\u00bb aux questions c, e et g, tu dois te questionner sur ta capacit\u00e9 ou ta motivation \u00e0 r\u00e9ussir des \u00e9tudes coll\u00e9giales. Nous t\u2019invitons \u00e0 explorer les DEP (dipl\u00f4me d\u2019\u00e9tudes professionnelles) et les AEC (attestation d\u2019\u00e9tudes coll\u00e9giales) sur <a href=\"https:\/\/www.inforoutefpt.org\/\" target=\"_blank\" rel=\"noopener noreferrer\">l\u2019Inforoute de la formation professionnelle et technique<\/a>.<\/p>\n","protected":false},"excerpt":{"rendered":"<p>Je ne suis pas heureux dans mon programme Tu remets en question le choix de ton programme, tu ne te sens pas \u00e0 ta place, tu n\u2019es pas heureux dans ton programme\u2026 Avant de tout abandonner, prends le temps de t\u2019arr\u00eater pour r\u00e9fl\u00e9chir et analyser la situation. Avant de quitter un programme, il faut comprendre [&hellip;]<\/p>\n","protected":false},"author":40,"featured_media":0,"parent":63,"menu_order":0,"comment_status":"closed","ping_status":"closed","template":"","meta":{"_acf_changed":false,"footnotes":""},"class_list":["post-346","page","type-page","status-publish","hentry"],"acf":[],"_links":{"self":[{"href":"https:\/\/www.cegeptr.qc.ca\/leo\/wp-json\/wp\/v2\/pages\/346","targetHints":{"allow":["GET"]}}],"collection":[{"href":"https:\/\/www.cegeptr.qc.ca\/leo\/wp-json\/wp\/v2\/pages"}],"about":[{"href":"https:\/\/www.cegeptr.qc.ca\/leo\/wp-json\/wp\/v2\/types\/page"}],"author":[{"embeddable":true,"href":"https:\/\/www.cegeptr.qc.ca\/leo\/wp-json\/wp\/v2\/users\/40"}],"replies":[{"embeddable":true,"href":"https:\/\/www.cegeptr.qc.ca\/leo\/wp-json\/wp\/v2\/comments?post=346"}],"version-history":[{"count":8,"href":"https:\/\/www.cegeptr.qc.ca\/leo\/wp-json\/wp\/v2\/pages\/346\/revisions"}],"predecessor-version":[{"id":790,"href":"https:\/\/www.cegeptr.qc.ca\/leo\/wp-json\/wp\/v2\/pages\/346\/revisions\/790"}],"up":[{"embeddable":true,"href":"https:\/\/www.cegeptr.qc.ca\/leo\/wp-json\/wp\/v2\/pages\/63"}],"wp:attachment":[{"href":"https:\/\/www.cegeptr.qc.ca\/leo\/wp-json\/wp\/v2\/media?parent=346"}],"curies":[{"name":"wp","href":"https:\/\/api.w.org\/{rel}","templated":true}]}}