{"id":351,"date":"2019-02-28T11:17:23","date_gmt":"2019-02-28T16:17:23","guid":{"rendered":"https:\/\/www.cegeptr.qc.ca\/leo\/?page_id=351"},"modified":"2025-08-14T15:43:28","modified_gmt":"2025-08-14T19:43:28","slug":"jhesite-entre-quelques-choix","status":"publish","type":"page","link":"https:\/\/www.cegeptr.qc.ca\/leo\/personnel\/orientation-professionnelle\/jhesite-entre-quelques-choix\/","title":{"rendered":"J&rsquo;h\u00e9site entre quelques choix"},"content":{"rendered":"<h1>J&rsquo;h\u00e9site entre quelques choix<\/h1>\n<h3><strong>1. Choix compl\u00e8tement diff\u00e9rents <\/strong><\/h3>\n<p>Tu h\u00e9sites entre deux choix, tu ne sais pas par quel bout commencer ta d\u00e9marche de validation de choix professionnel ?<\/p>\n<p>Voici ce qui t\u2019est propos\u00e9 :<\/p>\n<p>1. Si tu te connais bien, vois laquelle des professions t\u2019attirent le plus en allant chercher de plus amples informations sur chacune<\/p>\n<p><a href=\"https:\/\/www.cegeptr.qc.ca\/leo\/personnel\/orientation-professionnelle\/je-veux-de-linformation-sur-le-programme-et-la-profession-qui-minteressent\/\"><img decoding=\"async\" class=\"alignnone wp-image-426 size-full\" src=\"https:\/\/www.cegeptr.qc.ca\/leo\/wp-content\/uploads\/sites\/32\/2019\/03\/bulle-veux-info.jpg\" alt=\"\" width=\"210\" height=\"128\" \/><\/a><\/p>\n<p>2. Si tu ne te connais pas encore suffisamment en mati\u00e8re d\u2019int\u00e9r\u00eats, d\u2019aptitudes, etc. ou si tu n\u2019as aucune id\u00e9e de la profession qui t\u2019int\u00e9resse le plus. Entreprends la d\u00e9marche d&rsquo;orientation par soi-m\u00eame.<\/p>\n<div class=\"fusion-fullwidth fullwidth-box fusion-builder-row-1 hundred-percent-fullwidth non-hundred-percent-height-scrolling\" style=\"--awb-border-radius-top-left:0px;--awb-border-radius-top-right:0px;--awb-border-radius-bottom-right:0px;--awb-border-radius-bottom-left:0px;--awb-overflow:visible;--awb-flex-wrap:wrap;\" ><div class=\"fusion-builder-row fusion-row\"><div class=\"fusion-layout-column fusion_builder_column fusion-builder-column-0 fusion_builder_column_1_1 1_1 fusion-one-full fusion-column-first fusion-column-last fusion-column-no-min-height\" style=\"--awb-bg-size:cover;--awb-margin-bottom:0px;\"><div class=\"fusion-column-wrapper fusion-flex-column-wrapper-legacy\"><a href=\"https:\/\/www.cegeptr.qc.ca\/leo\/personnel\/orientation-professionnelle\/orientation-soi-meme\/\" class=\"su-button su-button-style-flat\" style=\"color:#FFFFFF;background-color:#fd8204;border-color:#cb6804;border-radius:7px\" target=\"_blank\" rel=\"noopener noreferrer\"><span style=\"color:#FFFFFF;padding:0px 20px;font-size:16px;line-height:32px;border-color:#fea850;border-radius:7px;text-shadow:none\"> D\u00e9marche d&rsquo;orientation par soi-m\u00eame<\/span><\/a>\n<p>Tu pourras ainsi revoir tes int\u00e9r\u00eats, tes aptitudes, tes valeurs et tes traits caract\u00e9ristiques pour identifier le choix te correspondant le mieux.<\/p>\n<h3><strong>2. Choix qui se ressemblent<\/strong><\/h3>\n<p>Tu h\u00e9sites entre deux choix qui s\u2019apparentent, entre deux professions dans un m\u00eame domaine, par exemple celui des sciences humaines, et tu ne sais pas lequel choisir\u2009?<\/p>\n<p>1. Acc\u00e8de rapidement \u00e0 la banque d\u2019information scolaire et professionnelle Rep\u00e8res (\u00e0 partir d\u2019Omnivox, choisis Rep\u00e8res &#8211; Webfolio, professions ou formations et finalement Mots cl\u00e9s) pour comparer les professions et t\u2019assurer de choisir celle correspondant \u00e0 ton profil. Attarde-toi plus sp\u00e9cifiquement aux t\u00e2ches, aux conditions de travail et aux caract\u00e9ristiques personnelles de chacune.<\/p>\n<p>2. Rep\u00e8re les sites internet des \u00e9tablissements d\u2019enseignement offrant lesdits programmes en h\u00e9sitation. Consulte les grilles de cheminement de chacun des programmes vis\u00e9s pour conna\u00eetre les subtilit\u00e9s de chacun, afin de faire un choix \u00e9clair\u00e9.<\/p>\n<p>Si tu doutes ou que tu es plus m\u00eal\u00e9 qu\u2019au d\u00e9but du processus de validation, tu as peut-\u00eatre besoin de revoir certaines \u00e9tapes du processus d\u2019orientation de la d\u00e9marche d\u2019orientation par soi-m\u00eame.<\/p>\n<div class=\"fusion-clearfix\"><\/div><\/div><\/div><div class=\"fusion-layout-column fusion_builder_column fusion-builder-column-1 fusion_builder_column_1_1 1_1 fusion-one-full fusion-column-first fusion-column-last fusion-column-no-min-height\" style=\"--awb-bg-size:cover;--awb-margin-bottom:0px;\"><div class=\"fusion-column-wrapper fusion-flex-column-wrapper-legacy\"><a href=\"https:\/\/www.cegeptr.qc.ca\/leo\/personnel\/orientation-professionnelle\/orientation-soi-meme\/\" class=\"su-button su-button-style-flat\" style=\"color:#FFFFFF;background-color:#fd8204;border-color:#cb6804;border-radius:7px\" target=\"_blank\" rel=\"noopener noreferrer\"><span style=\"color:#FFFFFF;padding:0px 20px;font-size:16px;line-height:32px;border-color:#fea850;border-radius:7px;text-shadow:none\"> D\u00e9marche d&rsquo;orientation par soi-m\u00eame<\/span><\/a><div class=\"fusion-clearfix\"><\/div><\/div><\/div><\/div><\/div>\n","protected":false},"excerpt":{"rendered":"<p>J&rsquo;h\u00e9site entre quelques choix 1. Choix compl\u00e8tement diff\u00e9rents Tu h\u00e9sites entre deux choix, tu ne sais pas par quel bout commencer ta d\u00e9marche de validation de choix professionnel ? Voici ce qui t\u2019est propos\u00e9 : 1. Si tu te connais bien, vois laquelle des professions t\u2019attirent le plus en allant chercher de plus amples informations [&hellip;]<\/p>\n","protected":false},"author":40,"featured_media":0,"parent":63,"menu_order":0,"comment_status":"closed","ping_status":"closed","template":"","meta":{"_acf_changed":false,"footnotes":""},"class_list":["post-351","page","type-page","status-publish","hentry"],"acf":[],"_links":{"self":[{"href":"https:\/\/www.cegeptr.qc.ca\/leo\/wp-json\/wp\/v2\/pages\/351","targetHints":{"allow":["GET"]}}],"collection":[{"href":"https:\/\/www.cegeptr.qc.ca\/leo\/wp-json\/wp\/v2\/pages"}],"about":[{"href":"https:\/\/www.cegeptr.qc.ca\/leo\/wp-json\/wp\/v2\/types\/page"}],"author":[{"embeddable":true,"href":"https:\/\/www.cegeptr.qc.ca\/leo\/wp-json\/wp\/v2\/users\/40"}],"replies":[{"embeddable":true,"href":"https:\/\/www.cegeptr.qc.ca\/leo\/wp-json\/wp\/v2\/comments?post=351"}],"version-history":[{"count":8,"href":"https:\/\/www.cegeptr.qc.ca\/leo\/wp-json\/wp\/v2\/pages\/351\/revisions"}],"predecessor-version":[{"id":918,"href":"https:\/\/www.cegeptr.qc.ca\/leo\/wp-json\/wp\/v2\/pages\/351\/revisions\/918"}],"up":[{"embeddable":true,"href":"https:\/\/www.cegeptr.qc.ca\/leo\/wp-json\/wp\/v2\/pages\/63"}],"wp:attachment":[{"href":"https:\/\/www.cegeptr.qc.ca\/leo\/wp-json\/wp\/v2\/media?parent=351"}],"curies":[{"name":"wp","href":"https:\/\/api.w.org\/{rel}","templated":true}]}}