{"id":358,"date":"2019-02-28T11:28:24","date_gmt":"2019-02-28T16:28:24","guid":{"rendered":"https:\/\/www.cegeptr.qc.ca\/leo\/?page_id=358"},"modified":"2025-08-14T15:52:25","modified_gmt":"2025-08-14T19:52:25","slug":"je-veux-de-linformation-sur-le-programme-et-la-profession-qui-minteressent","status":"publish","type":"page","link":"https:\/\/www.cegeptr.qc.ca\/leo\/personnel\/orientation-professionnelle\/je-veux-de-linformation-sur-le-programme-et-la-profession-qui-minteressent\/","title":{"rendered":"Je veux de l&rsquo;information sur le programme et la profession qui m&rsquo;int\u00e9resse"},"content":{"rendered":"<h1>Je veux de l&rsquo;information sur le programme et la profession qui m&rsquo;int\u00e9ressent<\/h1>\n<h3><strong>Programme<\/strong><\/h3>\n<p><strong>1. Banque d&rsquo;information scolaire et professionnelle Rep\u00e8res<\/strong><\/p>\n<ul>\n<li>Va sur Omnivox &#8211; Rep\u00e8res &#8211; Mon Webfolio &#8211; Professions ou formations &#8211; Mots cl\u00e9s et inscris le nom du programme que tu cherches.<\/li>\n<\/ul>\n<p><strong>2. Visite personnalis\u00e9e d&rsquo;un d\u00e9partement<\/strong><\/p>\n<ul>\n<li>Pr\u00e9sente-toi au Service d\u2019orientation dans l\u2019un des pavillons (SC-1045 ou HA-HA-1334) et une conseill\u00e8re d\u2019orientation t\u2019accompagnera dans cette d\u00e9marche. Cette rencontre est possible tout au long de l\u2019ann\u00e9e scolaire.<\/li>\n<\/ul>\n<p><strong>3. \u00c9tudiant d&rsquo;un jour<\/strong><\/p>\n<ul>\n<li>Pour le C\u00e9gep de Trois-Rivi\u00e8res, consulte la page \u00ab <a href=\"https:\/\/www.cegeptr.qc.ca\/futurs-etudiants\/etudiant-dun-jour\/\" target=\"_blank\" rel=\"noopener noreferrer\">\u00c9tudiant d\u2019un jour<\/a> \u00bb.<\/li>\n<li>Pour d\u2019autres \u00e9tablissements, consulte leur site web.<\/li>\n<\/ul>\n<p><strong>4. Portes ouvertes<\/strong><\/p>\n<ul>\n<li>Pour la journ\u00e9e Portes ouvertes ou la soir\u00e9e Visite et explore du c\u00e9gep de Trois-Rivi\u00e8res, <a href=\"https:\/\/www.cegeptr.qc.ca\/futurs-etudiants\/portes-ouvertes-cegep\/\" target=\"_blank\" rel=\"noopener noreferrer\">clique ici<\/a>.<\/li>\n<li>Pour d\u2019autres \u00e9tablissements, consulte leur site web.<\/li>\n<\/ul>\n<p><strong>5. Communaut\u00e9 Omnivox du Service d&rsquo;orientation<\/strong><\/p>\n<p>Tu pourras avoir acc\u00e8s \u00e0 tous nos documents d\u2019information :<\/p>\n<p>Sur les programmes universitaires :<\/p>\n<ul>\n<li>Administration, \u00e9conomie, math\u00e9matiques et informatique\u2009;<\/li>\n<li>Arts et lettres\u2009;<\/li>\n<li>Arts visuels\u2009;<\/li>\n<li>Musique\u2009;<\/li>\n<li>Sciences de la nature : sant\u00e9, g\u00e9nie, sciences\u2009;<\/li>\n<li>Sciences humaines.<\/li>\n<\/ul>\n<p>Sur l\u2019admission universitaire :<\/p>\n<ul>\n<li>Admission universitaire\u2009;<\/li>\n<li>Contingentement universitaire\u2009;<\/li>\n<li>Foire aux questions sur la cote R\u2009;<\/li>\n<li>La nouvelle cote R\u2009;<\/li>\n<li>Nouveaut\u00e9s universitaires.<\/li>\n<\/ul>\n<p><strong>6. Autres sites web recommand\u00e9s<\/strong><\/p>\n<p><em>Sites d\u2019information pour tous les niveaux d\u2019\u00e9tudes :<\/em><\/p>\n<ul>\n<li><a href=\"https:\/\/maformationenvideo.ca\/\" target=\"_blank\" rel=\"noopener noreferrer\">Ma formation en vid\u00e9o<\/a> : R\u00e9pertoire de vid\u00e9os : section trouve des programmes de formation.<\/li>\n<li><a href=\"https:\/\/www.monemploi.com\/\" target=\"_blank\" rel=\"noopener noreferrer\">Mon emploi<\/a> : Information sur les programmes de formation.<\/li>\n<li><a href=\"http:\/\/imt.emploiquebec.gouv.qc.ca\/mtg\/inter\/noncache\/contenu\/asp\/mtg941_accueil_fran_01.asp\" target=\"_blank\" rel=\"noopener noreferrer\">Emploi Qu\u00e9bec<\/a> : section \u00ab\u2009Cherchez un programme de formation\u2009\u00bb.<\/li>\n<\/ul>\n<p><em>Sites d\u2019information pour la formation professionnelle au secondaire :<\/em><\/p>\n<ul>\n<li><a href=\"https:\/\/www.inforoutefpt.org\/\" target=\"_blank\" rel=\"noopener noreferrer\">Inforoute FPT<\/a> : Information sur les programmes de formation professionnelle et technique.<\/li>\n<li><a href=\"http:\/\/sarca.csduroy.qc.ca\/\" target=\"_blank\" rel=\"noopener noreferrer\">SARCA<\/a> : Service d\u2019information sur la formation professionnelle en Mauricie.<\/li>\n<li><a href=\"http:\/\/www.admissionfp.com\" target=\"_blank\" rel=\"noopener\">admissionfp.com<\/a> : Admission en formation professionnelle<\/li>\n<\/ul>\n<p><em>Sites d\u2019information pour la formation coll\u00e9giale :<\/em><\/p>\n<ul>\n<li><a href=\"http:\/\/pygma.ca\" target=\"_blank\" rel=\"noopener noreferrer\">PYGMA<\/a> : Exploration des coll\u00e8ges et programmes d\u2019\u00e9tudes<\/li>\n<li><a href=\"https:\/\/www.inforoutefpt.org\/\" target=\"_blank\" rel=\"noopener noreferrer\">Inforoute FTP<\/a> : Information sur les programmes de formation professionnelle et technique.<\/li>\n<li><a href=\"https:\/\/www.sram.qc.ca\/\" target=\"_blank\" rel=\"noopener noreferrer\">SRAM<\/a> : Service r\u00e9gional d\u2019admission du Montr\u00e9al m\u00e9tropolitain.<\/li>\n<li><a href=\"https:\/\/www.sracq.qc.ca\/\" target=\"_blank\" rel=\"noopener noreferrer\">SRACQ<\/a> : Service r\u00e9gional d\u2019admission au coll\u00e9gial de Qu\u00e9bec.<\/li>\n<li><a href=\"http:\/\/srasl.qc.ca\/\" target=\"_blank\" rel=\"noopener noreferrer\">SRASL<\/a> : Service r\u00e9gional de l\u2019admission des c\u00e9geps du Saguenay-Lac-Saint-Jean.<\/li>\n<li><a href=\"http:\/\/www.monretouraucegep.com\/\" target=\"_blank\" rel=\"noopener noreferrer\">Mon retour au c\u00e9gep<\/a> : Information sur les programmes de formation continue au coll\u00e9gial.<\/li>\n<li><a href=\"https:\/\/formation-mauricie.ca\/fc\/wp-content\/uploads\/2023\/06\/LaRelance_Sit_Placement2022_web.pdf\" target=\"_blank\" rel=\"noopener noreferrer\">Situation du placement<\/a> : Statistiques de placement des dipl\u00f4m\u00e9s du secteur technique du C\u00e9gep de Trois-Rivi\u00e8res.<\/li>\n<\/ul>\n<p><em>Sites d\u2019information pour la formation universitaire :<\/em><\/p>\n<ul>\n<li><a href=\"https:\/\/www.destinationuniversites.ca\/\" target=\"_blank\" rel=\"noopener noreferrer\">Destinations universit\u00e9s<\/a> : Liste des universit\u00e9s qu\u00e9b\u00e9coises.<\/li>\n<li><a href=\"https:\/\/www.etudesuniversitaires.ca\/universites-canadiennes\/?_ga=2.9078005.1183926531.1551372087-949435722.1551372087\" target=\"_blank\" rel=\"noopener noreferrer\">\u00c9tudes Universitaires<\/a> : Liste des universit\u00e9s canadiennes.<\/li>\n<li><a href=\"http:\/\/www.bci-qc.ca\/\" target=\"_blank\" rel=\"noopener noreferrer\">BCI<\/a> : Information sur la cote R par le Bureau de la coop\u00e9ration interuniversitaire.<\/li>\n<\/ul>\n<p>&nbsp;<\/p>\n<h3><strong>Profession<\/strong><\/h3>\n<p><strong>1. Banque d&rsquo;information scolaire et professionnelle REP\u00c8RES<\/strong><br \/>\nVa sur Omnivox -) Rep\u00e8res -) Mon Webfolio -) Professions ou formations -) Mots cl\u00e9s et inscris le nom de la profession que tu cherches.<\/p>\n<p><strong>2. Rencontre avec un travailleur du domaine<\/strong><\/p>\n<p><a href=\"http:\/\/www.academos.qc.ca\/\" target=\"_blank\" rel=\"noopener noreferrer\">ACADEMOS<\/a> : application web et mobile pour communiquer par \u00e9crit avec des travailleurs dans le domaine qui t\u2019int\u00e9resse.<\/p>\n<ul>\n<li>Tu pourras lire ce que font les gens qui pratiquent la profession qui t\u2019int\u00e9resse et, si tu le souhaites, poser tes questions \u00e0 ces mentors. Certains mentors parlent de leur travail sous forme de vid\u00e9o.<\/li>\n<li>Les mentors offrent parfois la possibilit\u00e9 de faire un stage d\u2019un jour avec eux.<\/li>\n<li><a href=\"https:\/\/www.cegeptr.qc.ca\/leo\/wp-content\/uploads\/sites\/32\/2019\/04\/Questions_pour_mentors.pdf\" target=\"_blank\" rel=\"noopener noreferrer\">Liste de questions \u00e0 poser \u00e0 un mentor (PDF).<\/a><\/li>\n<\/ul>\n<p>RENCONTRE AVEC UN TRAVAILLEUR par le biais de tes contacts, ceux de tes parents, amis ou de la conseill\u00e8re d\u2019orientation. Tu peux \u00e9galement appeler dans les milieux de travail qui t\u2019int\u00e9ressent pour qu\u2019on te r\u00e9f\u00e8re quelqu\u2019un.<\/p>\n<p><strong>3. Autres sites recommand\u00e9s<\/strong><\/p>\n<ul>\n<li><a href=\"https:\/\/www.monemploi.com\/\" target=\"_blank\" rel=\"noopener noreferrer\">Mon emploi<\/a> : Information sur les m\u00e9tiers et les professions<\/li>\n<li><a href=\"http:\/\/avenirensante.gouv.qc.ca\/\" target=\"_blank\" rel=\"noopener noreferrer\">Avenir en sant\u00e9<\/a> : Information sur les carri\u00e8res en sant\u00e9 pour tous les niveaux d\u2019\u00e9tudes<\/li>\n<li><a href=\"http:\/\/imt.emploiquebec.gouv.qc.ca\/mtg\/inter\/noncache\/contenu\/asp\/mtg121_rechrprofs_01.asp?lang=FRAN&amp;Porte=1\" target=\"_blank\" rel=\"noopener noreferrer\">Emploi Qu\u00e9bec<\/a> : perspectives d\u2019emploi sur le march\u00e9 du travail<\/li>\n<li><a href=\"https:\/\/www.opq.gouv.qc.ca\/accueil\/\" target=\"_blank\" rel=\"noopener noreferrer\">Office des professions du Qu\u00e9bec<\/a> : Pour une profession r\u00e9gie par l\u2019un des 46 ordres professionnels au Qu\u00e9bec (ex. : ing\u00e9nieurs, travailleurs sociaux, infirmi\u00e8res et infirmiers, etc.)<\/li>\n<\/ul>\n","protected":false},"excerpt":{"rendered":"<p>Je veux de l&rsquo;information sur le programme et la profession qui m&rsquo;int\u00e9ressent Programme 1. Banque d&rsquo;information scolaire et professionnelle Rep\u00e8res Va sur Omnivox &#8211; Rep\u00e8res &#8211; Mon Webfolio &#8211; Professions ou formations &#8211; Mots cl\u00e9s et inscris le nom du programme que tu cherches. 2. Visite personnalis\u00e9e d&rsquo;un d\u00e9partement Pr\u00e9sente-toi au Service d\u2019orientation dans l\u2019un [&hellip;]<\/p>\n","protected":false},"author":40,"featured_media":0,"parent":63,"menu_order":0,"comment_status":"closed","ping_status":"closed","template":"","meta":{"_acf_changed":false,"footnotes":""},"class_list":["post-358","page","type-page","status-publish","hentry"],"acf":[],"_links":{"self":[{"href":"https:\/\/www.cegeptr.qc.ca\/leo\/wp-json\/wp\/v2\/pages\/358","targetHints":{"allow":["GET"]}}],"collection":[{"href":"https:\/\/www.cegeptr.qc.ca\/leo\/wp-json\/wp\/v2\/pages"}],"about":[{"href":"https:\/\/www.cegeptr.qc.ca\/leo\/wp-json\/wp\/v2\/types\/page"}],"author":[{"embeddable":true,"href":"https:\/\/www.cegeptr.qc.ca\/leo\/wp-json\/wp\/v2\/users\/40"}],"replies":[{"embeddable":true,"href":"https:\/\/www.cegeptr.qc.ca\/leo\/wp-json\/wp\/v2\/comments?post=358"}],"version-history":[{"count":21,"href":"https:\/\/www.cegeptr.qc.ca\/leo\/wp-json\/wp\/v2\/pages\/358\/revisions"}],"predecessor-version":[{"id":920,"href":"https:\/\/www.cegeptr.qc.ca\/leo\/wp-json\/wp\/v2\/pages\/358\/revisions\/920"}],"up":[{"embeddable":true,"href":"https:\/\/www.cegeptr.qc.ca\/leo\/wp-json\/wp\/v2\/pages\/63"}],"wp:attachment":[{"href":"https:\/\/www.cegeptr.qc.ca\/leo\/wp-json\/wp\/v2\/media?parent=358"}],"curies":[{"name":"wp","href":"https:\/\/api.w.org\/{rel}","templated":true}]}}