{"id":39,"date":"2018-05-22T13:25:25","date_gmt":"2018-05-22T17:25:25","guid":{"rendered":"https:\/\/www.cegeptr.qc.ca\/leo\/?page_id=39"},"modified":"2023-02-07T12:58:00","modified_gmt":"2023-02-07T17:58:00","slug":"passage-secondairecollege","status":"publish","type":"page","link":"https:\/\/www.cegeptr.qc.ca\/leo\/adaptation\/passage-secondairecollege\/","title":{"rendered":"Passage secondaire\/coll\u00e8ge"},"content":{"rendered":"<h1><img decoding=\"async\" class=\"size-full wp-image-130 alignleft\" src=\"https:\/\/www.cegeptr.qc.ca\/leo\/wp-content\/uploads\/sites\/32\/2018\/05\/Passage-secondaire-collegial-serre.png\" alt=\"\" width=\"91\" height=\"89\" srcset=\"https:\/\/www.cegeptr.qc.ca\/leo\/wp-content\/uploads\/sites\/32\/2018\/05\/Passage-secondaire-collegial-serre-52x50.png 52w, https:\/\/www.cegeptr.qc.ca\/leo\/wp-content\/uploads\/sites\/32\/2018\/05\/Passage-secondaire-collegial-serre-66x66.png 66w, https:\/\/www.cegeptr.qc.ca\/leo\/wp-content\/uploads\/sites\/32\/2018\/05\/Passage-secondaire-collegial-serre.png 91w\" sizes=\"(max-width: 91px) 100vw, 91px\" \/>PASSAGE DU SECONDAIRE AU COLL\u00c9GIAL<\/h1>\n<h2><strong>\u00ab Bienvenue dans les ligues majeures! \u00bb<\/strong><\/h2>\n<h3><strong>Questions et r\u00e9ponses sur le passage au coll\u00e9gial<\/strong><\/h3>\n<p><strong>Q : La gestion du temps au c\u00e9gep, \u00e0 quoi dois-je m\u2019attendre?<\/strong><\/p>\n<p>R : Une ann\u00e9e scolaire au c\u00e9gep comprend deux sessions de 15 semaines. Les cours se donnent entre 8 h et 18 h\u00a0 et leur dur\u00e9e varie d\u2019une \u00e0 trois heures. Ton horaire d\u00e9pendra, entre autres, de ton programme d\u2019\u00e9tudes et de ton cheminement et comprendra certaines p\u00e9riodes libres. Celles-ci te permettront de r\u00e9aliser les travaux devant \u00eatre effectu\u00e9s en dehors des cours (\u00e9tude, lecture, exercices, rapport, projet pratique, travaux en \u00e9quipe, etc.). L\u2019autonomie est de mise et il n\u2019y a plus de cloche pour te rappeler de te diriger \u00e0 ton cours. Une bonne gestion du temps passe par la planification. N\u2019h\u00e9site pas \u00e0 consulter l&rsquo;outil \u00ab <a href=\"https:\/\/www.cegeptr.qc.ca\/leo\/personnel\/gestion-du-temps\/\" target=\"_blank\" rel=\"noopener noreferrer\">gestion du temps<\/a> \u00bb\u00a0 si tu as besoin d\u2019un coup de pouce\u2009!<\/p>\n<p><strong>Q : Quelle est la diff\u00e9rence entre les cours de la formation g\u00e9n\u00e9rale et ceux de la formation sp\u00e9cifique ?<\/strong><\/p>\n<p>R : La formation g\u00e9n\u00e9rale est commune aux \u00e9tudiants de tous les programmes et est compos\u00e9e de cours d\u2019anglais (2), de cours compl\u00e9mentaires (2), d\u2019\u00e9ducation physique, de fran\u00e7ais (4) et de philosophie (3). La formation sp\u00e9cifique est compos\u00e9e de cours li\u00e9s au domaine d\u2019\u00e9tudes que tu as choisi. Ces cours te permettront de d\u00e9velopper tes comp\u00e9tences afin d\u2019int\u00e9grer le march\u00e9 du travail ou de faire des \u00e9tudes universitaires dans un domaine qui te tient \u00e0 c\u0153ur.<\/p>\n<p><strong>Q : Les cours de fran\u00e7ais ressemblent-ils \u00e0 ceux du secondaire?<\/strong><\/p>\n<p>R : Comme au secondaire, les cours de fran\u00e7ais au c\u00e9gep te permettront de mieux comprendre et ma\u00eetriser la langue comme outil de communication. Ils te permettront \u00e9galement d\u2019\u00e9largir tes connaissances litt\u00e9raires et culturelles tout en structurant ta pens\u00e9e. La formation g\u00e9n\u00e9rale comprend quatre cours de fran\u00e7ais.<\/p>\n<p><strong>Q : Pourquoi dois-je suivre un cours de renforcement en fran\u00e7ais?<\/strong><\/p>\n<p>R : Les \u00e9tudiants ayant une moyenne g\u00e9n\u00e9rale et une note au volet \u00e9criture de cinqui\u00e8me secondaire inf\u00e9rieures \u00e0 75 % sont automatiquement inscrits \u00e0 ce cours. Ce n\u2019est qu\u2019apr\u00e8s l\u2019avoir r\u00e9ussi que tu pourras t\u2019inscrire aux autres cours de fran\u00e7ais.<\/p>\n<p><strong>Q : \u00c0 quoi me serviront les cours de philosophie?<\/strong><\/p>\n<p>R : Les cours de philosophie te permettront de d\u00e9velopper ta pens\u00e9e critique et de consolider une \u00e9thique personnelle, sociale et politique. Ils t\u2019am\u00e8neront \u00e0 mieux analyser les informations qui t\u2019entourent et les enjeux qui en d\u00e9coulent. Comme la philosophie touche toutes les sph\u00e8res de la vie, les notions apprises te seront utiles tant sur le plan professionnel que sur le plan personnel. La formation g\u00e9n\u00e9rale comprend trois cours de philosophie.<\/p>\n<p><strong>Q : Est-ce que la pr\u00e9sence en classe est obligatoire au c\u00e9gep?<\/strong><\/p>\n<p>R : Oui, la pr\u00e9sence en classe est obligatoire. Un \u00e9tudiant qui s\u2019absente \u00e0 plus de 10 % des activit\u00e9s d\u2019apprentissage pr\u00e9vues pour un cours peut se voir refuser l\u2019acc\u00e8s au cours et la pr\u00e9sence \u00e0 l\u2019\u00e9valuation finale. Il est toutefois possible de t\u2019entendre avec ton professeur en cas de maladie ou pour une autre raison personnelle s\u00e9rieuse. Tu seras alors responsable de rattraper la mati\u00e8re vue pendant ton absence.<\/p>\n<p><strong>Q : Le classement pour les cours d\u2019anglais, comment \u00e7a fonctionne?<\/strong><\/p>\n<p>R : La formation g\u00e9n\u00e9rale comprend deux cours d\u2019anglais et il existe quatre niveaux de classement. Tu seras class\u00e9 selon tes r\u00e9sultats de 5e secondaire. D\u2019autres facteurs, comme les cours enrichis par exemple, peuvent \u00e9galement influencer ton classement.<\/p>\n<p><strong>Q : Est-ce que les cours d\u2019\u00e9ducation physique sont les m\u00eames pour tous?<\/strong><\/p>\n<p>R : La formation g\u00e9n\u00e9rale comprend trois cours d\u2019\u00e9ducation physique et diff\u00e9rentes options de cours sont propos\u00e9es aux \u00e9tudiants pour atteindre les comp\u00e9tences vis\u00e9es. En voici quelques exemples : conditionnement physique, plein air, natation, volleyball, soccer, karat\u00e9, badminton, etc. Tu trouveras assur\u00e9ment une option qui te donnera envie de bouger\u2009!<\/p>\n<p><strong>Q : Qu\u2019est-ce qu\u2019Omnivox?<\/strong><\/p>\n<p>R : Le guichet multiservice d\u2019Omnivox est un syst\u00e8me de services en ligne s\u00e9curitaire qui te permettra d\u2019effectuer plusieurs op\u00e9rations \u00e0 partir de la maison ou d\u2019un acc\u00e8s Internet, et ce, pour la dur\u00e9e de tes \u00e9tudes \u00e0 notre coll\u00e8ge. Tu y trouveras plusieurs services Internet pour :<\/p>\n<ul>\n<li><img decoding=\"async\" class=\"wp-image-215 size-thumbnail alignright\" src=\"https:\/\/www.cegeptr.qc.ca\/leo\/wp-content\/uploads\/sites\/32\/2019\/01\/logo-application-omnivox-150x150.png\" alt=\"\" width=\"150\" height=\"150\" srcset=\"https:\/\/www.cegeptr.qc.ca\/leo\/wp-content\/uploads\/sites\/32\/2019\/01\/logo-application-omnivox-66x66.png 66w, https:\/\/www.cegeptr.qc.ca\/leo\/wp-content\/uploads\/sites\/32\/2019\/01\/logo-application-omnivox-150x150.png 150w, https:\/\/www.cegeptr.qc.ca\/leo\/wp-content\/uploads\/sites\/32\/2019\/01\/logo-application-omnivox.png 180w\" sizes=\"(max-width: 150px) 100vw, 150px\" \/>t\u2019inscrire \u00e0 la prochaine session et faire ton choix de cours<\/li>\n<li>imprimer ou consulter ton bulletin officiel dans la section Relev\u00e9 de notes\u2009;<\/li>\n<li>obtenir tes re\u00e7us pour d\u00e9claration fiscale\u2009;<\/li>\n<li>modifier ton adresse postale\u2009;<\/li>\n<li>payer tes frais, etc.<\/li>\n<\/ul>\n<p>Ton compte Omnivox demeure actif un certain temps apr\u00e8s la fin de tes \u00e9tudes.<\/p>\n<p>T\u00e9l\u00e9charge l\u2019application Omnivox sur ton t\u00e9l\u00e9phone d\u00e8s maintenant!<\/p>\n<ul>\n<li><a href=\"https:\/\/play.google.com\/store\/apps\/details?id=com.skytech.omnivoxmobile&amp;hl=fr_CA\" target=\"_blank\" rel=\"noopener noreferrer\">Omnivox pour Android<\/a><\/li>\n<li><a href=\"https:\/\/itunes.apple.com\/ca\/app\/omnivox-mobile\/id721913649?l=fr&amp;mt=8\" target=\"_blank\" rel=\"noopener noreferrer\">Omnivox pour IOS<\/a><\/li>\n<\/ul>\n<p><strong>Q : Quel mat\u00e9riel scolaire acheter et o\u00f9 me le procurer (livres, notes de cours, mat\u00e9riel sp\u00e9cialis\u00e9, etc.)?<\/strong><\/p>\n<p>R : D\u00e8s le premier cours, chaque professeur te mentionnera tout ce dont tu as besoin. La librairie Coopsco, situ\u00e9e au pavillon des Humanit\u00e9s, aura pratiquement tout le mat\u00e9riel.<\/p>\n<p><strong>Q : Suis-je dans le bon programme?<\/strong><\/p>\n<p>R : Le programme dans lequel tu es inscrit te plait et tu entrevois un avenir dans ce domaine\u2009? Tant mieux, va jusqu\u2019au bout\u2009! Il se peut n\u00e9anmoins que tu te demandes si tu es dans le bon programme. N\u2019h\u00e9site pas alors \u00e0 rencontrer un <a href=\"https:\/\/www.cegeptr.qc.ca\/orientation\/\" target=\"_blank\" rel=\"noopener noreferrer\">conseiller d\u2019orientation<\/a> pour y voir plus clair. Cela pourrait t\u2019amener \u00e0 envisager une autre formation. Si c\u2019est le cas, ne t\u2019inqui\u00e8te pas, les cours de formation g\u00e9n\u00e9rale que tu auras r\u00e9ussis te seront cr\u00e9dit\u00e9s et ton horaire s\u2019en trouvera all\u00e9g\u00e9.<\/p>\n<p><strong>Q : Qu\u2019est-ce que la cote R?<\/strong><\/p>\n<p>R : La cote R est utilis\u00e9e par les c\u00e9geps et les universit\u00e9s pour classer les dossiers des \u00e9tudiants, principalement pour les programmes contingent\u00e9s. Son calcul tient compte de :<\/p>\n<ul>\n<li>la cote Z qui correspond \u00e0 la position de la note de l\u2019\u00e9tudiant par rapport \u00e0 son groupe et\u2009;<\/li>\n<li>l\u2019indicateur de la force du groupe qui consid\u00e8re les r\u00e9sultats aux cours des mati\u00e8res minist\u00e9rielles de 4<sup>e<\/sup> et 5<sup>e<\/sup> secondaire des \u00e9tudiants qui composent le groupe.<\/li>\n<\/ul>\n<p>Pour plus d\u2019information, passe au Service d\u2019orientation ou consulte le site du\u00a0 <a href=\"http:\/\/www.bci-qc.ca\/\" target=\"_blank\" rel=\"noopener noreferrer\">Bureau de la coop\u00e9ration interuniversitaire<\/a>.<\/p>\n<p><strong>Q : Qu\u2019est-ce que l\u2019\u00c9copasse?<\/strong><\/p>\n<p>Il s\u2019agit d\u2019un acc\u00e8s illimit\u00e9 aux transports en commun, et ce, du d\u00e9but des cours en ao\u00fbt jusqu\u2019\u00e0 la fin des cours en mai. \u00c7a permet de faire des \u00e9conomies et de poser un geste concret et significatif pour l\u2019environnement. En plus, c\u2019est facile comme tout! Tu l\u2019obtiens d\u00e8s ton inscription au C\u00e9gep via ta carte \u00e9tudiante. Tu n\u2019as qu\u2019\u00e0 la pr\u00e9senter \u00e0 l\u2019embarquement et le tour est jou\u00e9!<\/p>\n<p><strong>Services offerts aux \u00e9tudiants<\/strong><\/p>\n<p>De plus, tu seras surpris de d\u00e9couvrir tout ce qui est offert pour la r\u00e9ussite de ton projet d\u2019\u00e9tudes. Il ne manque que toi. <a href=\"https:\/\/www.cegeptr.qc.ca\/etudiants-actuels\/\" target=\"_blank\" rel=\"noopener noreferrer\">Informe-toi\u2009!<\/a><\/p>\n<p><strong>N\u2019oublie pas que..<\/strong><\/p>\n<p>Durant ton passage au coll\u00e9gial, L\u00e9o est un alli\u00e9 pr\u00e9cieux dans tes \u00e9tudes. N\u2019h\u00e9site surtout pas \u00e0 le consulter au besoin. Tu y d\u00e9couvriras des informations portant sur des sujets en lien avec ton adaptation au c\u00e9gep, de m\u00eame que les m\u00e9thodes de travail qui favoriseront ta r\u00e9ussite et ta vie personnelle.<\/p>\n","protected":false},"excerpt":{"rendered":"<p>PASSAGE DU SECONDAIRE AU COLL\u00c9GIAL \u00ab Bienvenue dans les ligues majeures! \u00bb Questions et r\u00e9ponses sur le passage au coll\u00e9gial Q : La gestion du temps au c\u00e9gep, \u00e0 quoi dois-je m\u2019attendre? R : Une ann\u00e9e scolaire au c\u00e9gep comprend deux sessions de 15 semaines. Les cours se donnent entre 8 h et 18 h\u00a0 [&hellip;]<\/p>\n","protected":false},"author":40,"featured_media":0,"parent":37,"menu_order":0,"comment_status":"closed","ping_status":"closed","template":"","meta":{"_acf_changed":false,"footnotes":""},"class_list":["post-39","page","type-page","status-publish","hentry"],"acf":[],"_links":{"self":[{"href":"https:\/\/www.cegeptr.qc.ca\/leo\/wp-json\/wp\/v2\/pages\/39","targetHints":{"allow":["GET"]}}],"collection":[{"href":"https:\/\/www.cegeptr.qc.ca\/leo\/wp-json\/wp\/v2\/pages"}],"about":[{"href":"https:\/\/www.cegeptr.qc.ca\/leo\/wp-json\/wp\/v2\/types\/page"}],"author":[{"embeddable":true,"href":"https:\/\/www.cegeptr.qc.ca\/leo\/wp-json\/wp\/v2\/users\/40"}],"replies":[{"embeddable":true,"href":"https:\/\/www.cegeptr.qc.ca\/leo\/wp-json\/wp\/v2\/comments?post=39"}],"version-history":[{"count":23,"href":"https:\/\/www.cegeptr.qc.ca\/leo\/wp-json\/wp\/v2\/pages\/39\/revisions"}],"predecessor-version":[{"id":887,"href":"https:\/\/www.cegeptr.qc.ca\/leo\/wp-json\/wp\/v2\/pages\/39\/revisions\/887"}],"up":[{"embeddable":true,"href":"https:\/\/www.cegeptr.qc.ca\/leo\/wp-json\/wp\/v2\/pages\/37"}],"wp:attachment":[{"href":"https:\/\/www.cegeptr.qc.ca\/leo\/wp-json\/wp\/v2\/media?parent=39"}],"curies":[{"name":"wp","href":"https:\/\/api.w.org\/{rel}","templated":true}]}}