{"id":57,"date":"2018-05-22T13:28:30","date_gmt":"2018-05-22T17:28:30","guid":{"rendered":"https:\/\/www.cegeptr.qc.ca\/leo\/?page_id=57"},"modified":"2019-11-06T13:56:56","modified_gmt":"2019-11-06T18:56:56","slug":"examens-preparation-et-passation","status":"publish","type":"page","link":"https:\/\/www.cegeptr.qc.ca\/leo\/methodologie\/examens-preparation-et-passation\/","title":{"rendered":"Examens : pr\u00e9paration et passation"},"content":{"rendered":"<h1><img decoding=\"async\" class=\"size-full wp-image-142 alignleft\" src=\"https:\/\/www.cegeptr.qc.ca\/leo\/wp-content\/uploads\/sites\/32\/2018\/05\/Examen-preparation-passation-serre.png\" alt=\"\" width=\"91\" height=\"90\" srcset=\"https:\/\/www.cegeptr.qc.ca\/leo\/wp-content\/uploads\/sites\/32\/2018\/05\/Examen-preparation-passation-serre-52x50.png 52w, https:\/\/www.cegeptr.qc.ca\/leo\/wp-content\/uploads\/sites\/32\/2018\/05\/Examen-preparation-passation-serre-66x66.png 66w, https:\/\/www.cegeptr.qc.ca\/leo\/wp-content\/uploads\/sites\/32\/2018\/05\/Examen-preparation-passation-serre.png 91w\" sizes=\"(max-width: 91px) 100vw, 91px\" \/>EXAMENS : PR\u00c9PARATION ET PASSATION<\/h1>\n<h2><strong>\u00ab\u2009Que la force soit avec toi\u2009!\u2009\u00bb<\/strong><\/h2>\n<p>&nbsp;<\/p>\n<h3><strong>Comment \u00eatre pr\u00eat?<\/strong><\/h3>\n<p>La pr\u00e9paration aux examens est l\u2019\u00e9tape qui suit l\u2019\u00e9tude. Comment\u2009? \u00c9tudier, n\u2019est-ce pas se pr\u00e9parer aux examens\u2009? Bien s\u00fbr que si\u2009! Mais le seul fait de connaitre la mati\u00e8re n\u2019est pas suffisant pour \u00eatre visiblement pr\u00e9par\u00e9 \u00e0 un examen&#8230; C\u2019est pourquoi il peut \u00eatre int\u00e9ressant de lire ce qui suit.<\/p>\n<p><strong>Savoir \u00e0 quoi s\u2019attendre<\/strong><\/p>\n<p>Ton \u00e9tude repose en grande partie sur les informations que tu peux recueillir en pr\u00e9vision des examens que tu auras \u00e0 passer, car elles t\u2019aideront \u00e0 structurer le moment, le contenu et tes fa\u00e7ons d\u2019\u00e9tudier. Il est donc tr\u00e8s important que tu inscrives d\u00e8s que possible dans ton agenda les informations suivantes :<\/p>\n<ul>\n<li><strong>Quand sont tes examens?<\/strong><br \/>\nConnaitre les dates t\u2019aide \u00e0 planifier tes p\u00e9riodes d\u2019\u00e9tude.<\/li>\n<li><strong>Sur quelles mati\u00e8res portent-ils?<br \/>\n<\/strong>Connaitre les mati\u00e8res \u00e0 l\u2019examen t\u2019aide \u00e0 structurer le contenu que tu dois \u00e9tudier. R\u00e9f\u00e8re-toi aux plans de cours, ils sont de bons alli\u00e9s.<\/li>\n<li><strong>Quelles sont leur pond\u00e9ration?<\/strong><br \/>\nConnaitre la pond\u00e9ration accord\u00e9e aux diff\u00e9rents examens t\u2019aide \u00e0 g\u00e9rer tes priorit\u00e9s lors de la mi-session et en fin de session.<\/li>\n<li><strong>De quels types d\u2019examens s\u2019agit-il?<\/strong><br \/>\nConnaitre le type d\u2019examen t\u2019aide \u00e0 pr\u00e9ciser les questions que tu dois te poser durant ton \u00e9tude.<\/li>\n<\/ul>\n<h3><strong>Les 4 types d\u2019examens et comment y r\u00e9pondre efficacement<\/strong><\/h3>\n<p><strong>1. Objectif :<\/strong> questions avec choix multiples et \u00e0 court d\u00e9veloppement. Tu dois connaitre la mati\u00e8re sur le bout des doigts. Ici, il s\u2019agit de porter attention aux pi\u00e8ges. Beaucoup de ses questions ont des nuances : ne pas, toujours, jamais, etc. Proc\u00e8de par \u00e9limination, rature les mauvais choix. L\u2019\u00e9limination te permettra de restreindre les possibilit\u00e9s. Ainsi, dans les cas o\u00f9 tu dois recourir au hasard, tu as une chance sur deux d\u2019avoir la bonne r\u00e9ponse plut\u00f4t qu\u2019une sur cinq.<\/p>\n<p><strong>2. \u00c0 d\u00e9veloppement<\/strong> : questions qui te demandent de d\u00e9velopper la mati\u00e8re et d\u2019en comparer ou d\u2019analyser certains aspects. Par exemple : D\u00e9crivez\u2026 Comparez\u2026 Expliquez pourquoi\u2026 et m\u00eame : Expliquez la mati\u00e8re \u00e0 une autre personne. Ici, c\u2019est la structure de la r\u00e9ponse qui influence le plus ton r\u00e9sultat. Il est facile de s\u2019\u00e9garer dans des explications. Pour \u00e9viter de d\u00e9river, fais-toi un plan : structure les \u00e9l\u00e9ments de la r\u00e9ponse avant de l\u2019\u00e9crire. Un bon truc est de noter dans la marge les mots-cl\u00e9s qui doivent se retrouver dans ta r\u00e9ponse. Ensuite, tu les num\u00e9rotes afin d\u2019indiquer l\u2019ordre dans lequel ils se retrouveront dans ta r\u00e9ponse.<\/p>\n<p><strong>3. Essai ou dissertation<\/strong> : semblable \u00e0 l\u2019examen \u00e0 d\u00e9veloppement, mais beaucoup plus \u00e9labor\u00e9. Tu dois comprendre les principes g\u00e9n\u00e9raux de la mati\u00e8re et structurer beaucoup plus tes id\u00e9es. La logique de ton argumentation et ta prise de position doivent \u00eatre claires. Te faire un plan qui organise les id\u00e9es principales, secondaires et les preuves est essentiel pour r\u00e9diger la dissertation.<\/p>\n<p><strong>4. De math\u00e9matiques ou de sciences<\/strong> : ces examens contiennent souvent une partie objective ou \u00e0 court d\u00e9veloppement. Si tu ne connais pas la r\u00e9ponse, utilise le reste de l\u2019examen pour t\u2019inspirer. Lire une autre question peut t\u2019aider \u00e0 te rem\u00e9morer des d\u00e9tails qui t\u2019\u00e9chappent. G\u00e9n\u00e9ralement, la majorit\u00e9 des questions sont de type r\u00e9solution de probl\u00e8mes (r\u00e9soudre des \u00e9quations et divers types de probl\u00e8mes). Il est donc important que tu fasses plusieurs exercices pour \u00eatre capable d\u2019appliquer les formules \u00e0 plusieurs situations.<\/p>\n<p><strong>L\u2019\u00e9tude, \u00e7a commence en classe!<\/strong><\/p>\n<p>Porter attention \u00e0 ce qui est dit, poser des questions et prendre des notes, c\u2019est \u00e9tudier. Cela se poursuit ensuite chez toi avec la r\u00e9vision, la m\u00e9morisation, le questionnement et l\u2019int\u00e9gration de la mati\u00e8re.<\/p>\n<h3><strong>5 r\u00e8gles pour mieux \u00e9tudier<\/strong><\/h3>\n<ul>\n<li>\u00c9tudie dans les m\u00eames conditions de passation de ton examen (pas de t\u00e9l\u00e9vision, d\u2019ordinateur et de sofa).<\/li>\n<li>\u00c9tudie en premier les mati\u00e8res et les notions les plus difficiles.<\/li>\n<li>Pr\u00e9vois au moins 3 \u00e0 4 p\u00e9riodes d\u2019\u00e9tude de 2 heures d\u00e8s le d\u00e9but du mois avant l\u2019examen.<\/li>\n<li>Assure-toi de respecter l\u2019horaire d\u2019\u00e9tude que tu as planifi\u00e9 et d\u2019\u00eatre en forme pour \u00e9tudier.<\/li>\n<li>Prends des pauses de cinq minutes pour chaque demi-heure d\u2019\u00e9tudes. Rien de plus efficace que la <a href=\"https:\/\/www.cegeptr.qc.ca\/leo\/wp-content\/uploads\/sites\/32\/2019\/01\/La-technique-pomodoro_BL2-1.jpg\">m\u00e9thode Pomodoro<\/a>.<\/li>\n<\/ul>\n<h3><strong>Les d\u00e9tails de la pr\u00e9paration aux examens<\/strong><\/h3>\n<p>Maintenant que tu connais les r\u00e8gles de base de l\u2019\u00e9tude efficace, il est important que tu s\u00e9lectionnes les moments o\u00f9 tu dois \u00e9tudier et que tu organises le contenu de tes p\u00e9riodes d\u2019\u00e9tude. Pour chacun de tes cours, tu dois pr\u00e9voir au moins 4 p\u00e9riodes d\u2019\u00e9tude. En \u00e9tudiant \u00e0 ces moments d\u00e9termin\u00e9s, tu retiendras beaucoup mieux la mati\u00e8re et tu \u00e9viteras de te surcharger avant tes examens. Consulte le calendrier ci-dessous et ses explications afin de t\u2019en inspirer.<\/p>\n<p><em>Horaire de la pr\u00e9paration d\u2019un examen pour le cours d\u2019anglais ayant lieu chaque mardi de 12 \u00e0 14 h 50 au SE-1040.<\/em><\/p>\n<p><img decoding=\"async\" class=\"size-full wp-image-418 aligncenter\" src=\"https:\/\/www.cegeptr.qc.ca\/leo\/wp-content\/uploads\/sites\/32\/2019\/03\/examens-passation-preparation.png\" alt=\"\" width=\"632\" height=\"320\" srcset=\"https:\/\/www.cegeptr.qc.ca\/leo\/wp-content\/uploads\/sites\/32\/2019\/03\/examens-passation-preparation-300x152.png 300w, https:\/\/www.cegeptr.qc.ca\/leo\/wp-content\/uploads\/sites\/32\/2019\/03\/examens-passation-preparation-540x272.png 540w, https:\/\/www.cegeptr.qc.ca\/leo\/wp-content\/uploads\/sites\/32\/2019\/03\/examens-passation-preparation.png 632w\" sizes=\"(max-width: 632px) 100vw, 632px\" \/><\/p>\n<p><strong>E1 \u2013 1<sup>re<\/sup> p\u00e9riode d\u2019\u00e9tude<\/strong>, la journ\u00e9e m\u00eame du cours<br \/>\nCompl\u00e9ter les notes au besoin.<br \/>\nSurvoler : Donne-toi une vue d\u2019ensemble. Relis les titres des chapitres, la table des mati\u00e8res et les grands titres de tes notes de cours.<\/p>\n<p><strong>E2 \u2013 2<sup>e<\/sup> p\u00e9riode d\u2019\u00e9tude<\/strong>, dans les 7 jours qui suivent E1 :<br \/>\nQuestionner : Transforme les titres ou les \u00e9l\u00e9ments importants en des questions pr\u00e9cises. Qu\u2019est-ce que ton professeur a dit qu\u2019il demanderait \u00e0 l\u2019examen et qu\u2019est-ce qu\u2019il pourrait demander\u2009? Lis les textes au complet en cherchant \u00e0 r\u00e9pondre \u00e0 tes questions. Par la m\u00eame occasion, annote, compl\u00e8te, pr\u00e9cise-les. Fais les exercices recommand\u00e9s.<\/p>\n<p><strong>E3 \u2013 3<sup>e<\/sup> p\u00e9riode d\u2019\u00e9tude<\/strong>, dans les 14 jours qui suivent E2 :<br \/>\nCompl\u00e9ter les exercices.<br \/>\nRestructurer : R\u00e9organise la mati\u00e8re \u00e0 \u00e9tudier en cr\u00e9ant des liens. R\u00e9sume l\u2019ensemble de la mati\u00e8re sur quelques pages. Construis un sch\u00e9ma conceptuel (carte mentale), un tableau, une ligne du temps avec l\u2019aide des mots-cl\u00e9s qui t\u2019aident \u00e0 m\u00e9moriser la mati\u00e8re. N\u2019oublie pas d\u2019y inclure les r\u00e9ponses \u00e0 tes questions.<\/p>\n<p><strong>E4 \u2013 4<sup>e<\/sup> p\u00e9riode d\u2019\u00e9tude<\/strong>, dans les 14 jours qui pr\u00e9c\u00e8dent l\u2019examen :<br \/>\nR\u00e9citer : Entraine-toi\u2009! Visualise ce que tu as produit lors de la restructuration. Prends une page blanche et \u00e9cris tout ce dont tu te souviens. Aide-toi des concepts et de la logique que tu as d\u00e9velopp\u00e9s pour les relier. Pour favoriser la m\u00e9morisation, explique la mati\u00e8re \u00e0 un coll\u00e8gue.<br \/>\nR\u00e9viser : Reprends rapidement les \u00e9tapes pr\u00e9c\u00e9dentes pour t\u2019assurer que tu as bien compris.<\/p>\n<h1>Passation des examens<\/h1>\n<h2><strong>\u00ab\u2009Passer un examen c\u2019est bien ; le r\u00e9ussir, c\u2019est encore mieux.\u2009\u00bb<\/strong><\/h2>\n<h3><strong>\u00c0 quoi faut-il faire attention?<\/strong><\/h3>\n<p>La pr\u00e9paration des examens est le moment crucial de ton cours. La r\u00e9ussite de tes cours d\u00e9pend en grande partie de tes r\u00e9sultats d\u2019examens. Pour aller chercher le meilleur r\u00e9sultat possible, il est important que tu utilises des m\u00e9thodes qui te permettent de g\u00e9rer ton temps et de r\u00e9pondre efficacement aux questions.<\/p>\n<p>Petit test pour savoir si tu es pr\u00eat \u00e0 passer un examen : es-tu capable d\u2019expliquer la mati\u00e8re \u00e0 un ou une coll\u00e8gue\u2009? Si oui, c\u2019est que tu dois \u00eatre pr\u00eat. Dans le cas contraire, il est important que tu \u00e9tudies \u00e0 nouveau ce que tu n\u2019es pas capable d\u2019expliquer. Si tu es capable d\u2019expliquer la mati\u00e8re avant l\u2019examen et que tu as de la difficult\u00e9 \u00e0 obtenir de bons r\u00e9sultats, il est possible que ce soit le stress qui te nuise.<\/p>\n<p><strong>\u00c0 FAIRE avant un examen<\/strong><\/p>\n<ul>\n<li>\u00c9tudie bien les semaines pr\u00e9c\u00e9dentes.<\/li>\n<li>Clarifie tes interrogations par rapport \u00e0 l\u2019examen.<\/li>\n<li>Dors au moins 6 \u00e0 8 heures la veille.<\/li>\n<li>Arrive 15 minutes \u00e0 l\u2019avance au cours.<\/li>\n<li>Fais le vide des pens\u00e9es non li\u00e9es \u00e0 l\u2019examen.<\/li>\n<li>Prends un repos d\u2019\u00e9tude d\u2019au moins 2 heures.<\/li>\n<li>Respire profond\u00e9ment.<\/li>\n<\/ul>\n<p><strong>\u00c0 \u00c9VITER avant un examen<\/strong><\/p>\n<ul>\n<li>Manquer un autre cours pour \u00e9tudier.<\/li>\n<li>\u00c9tudier durant un autre cours.<\/li>\n<li>Pratiquer des activit\u00e9s physiques ou intellectuelles intenses.<\/li>\n<li>R\u00e9viser tes notes quelques minutes avant l\u2019examen.<\/li>\n<li>Paniquer.<\/li>\n<li>Discuter de l\u2019examen avec des coll\u00e8gues quelques minutes avant le d\u00e9but de l\u2019examen.<\/li>\n<\/ul>\n<p><strong>Bien lire les questions<\/strong><\/p>\n<p>Une grande partie des erreurs faites dans un examen provient des fautes d\u2019inattention. Une lecture trop rapide de la question ou un oubli sont les causes principales.<\/p>\n<p>Pour \u00e9conomiser du temps et \u00e9viter de perdre des points, il est recommand\u00e9 d\u2019utiliser un surligneur ou simplement de souligner au crayon les mots-cl\u00e9s de la question.<\/p>\n<p><strong>Se d\u00e9passer \u00e0 l\u2019examen<\/strong><\/p>\n<p>Utiliser une m\u00e9thode structur\u00e9e pour faire un examen te permet de mieux g\u00e9rer ton temps et d\u2019aller chercher un maximum de points. \u00c7a peut aussi t\u2019aider \u00e0 g\u00e9rer le stress des examens.<\/p>\n<h3><strong>M\u00e9thode \u2014 Examen en 4 \u00e9tapes<\/strong><\/h3>\n<p><strong>1. \u00c9coute les consignes du professeur<\/strong><\/p>\n<p><strong>2. Survole l\u2019examen<\/strong><\/p>\n<p><strong>3. R\u00e9ponds aux questions (en 3 phases)<\/strong><\/p>\n<ul>\n<li>Lis toutes les questions.<\/li>\n<li>D\u00e9termine l\u2019ordre de priorit\u00e9 que tu accordes \u00e0 chacune d\u2019elles en regard du niveau de difficult\u00e9 du temps disponible et de la pond\u00e9ration.<\/li>\n<li>N\u2019oublie pas qu\u2019une r\u00e9ponse partielle vaut mieux qu\u2019aucune r\u00e9ponse.<\/li>\n<\/ul>\n<p><strong>4. R\u00e9vise<\/strong><\/p>\n<p>Ne r\u00e9vise que s\u2019il te reste du temps. R\u00e9viser signifie que tu fais un retour pour corriger les fautes de fran\u00e7ais, compl\u00e9ter les r\u00e9ponses que tu juges incompl\u00e8tes. Ne change surtout pas tes r\u00e9ponses \u00e0 moins d\u2019en avoir l\u2019absolue certitude\u2009! Il ne s\u2019agit pas ici de recommencer ton examen.<\/p>\n<h3><strong>G\u00e9rer le stress durant l\u2019examen<\/strong><\/h3>\n<p>Le stress est un \u00e9l\u00e9ment important qui influence ta performance aux examens. Si, durant un examen, tu manifestes les sympt\u00f4mes suivants : mains moites, sueur, agitation, difficult\u00e9 de concentration, tension, douleur musculaire, reflux gastrique, etc., c\u2019est peut-\u00eatre parce que tu vis trop de stress. Ce stress peut provoquer des troubles de m\u00e9moire et de concentration qui nuisent \u00e0 tes r\u00e9sultats.<\/p>\n<p>Pour diminuer les effets du stress, tu dois reprendre le contr\u00f4le de la situation. Tu dois te dire STOP et cesser de faire quoi que ce soit. Prends une minute de repos avec trois grandes respirations pour faire le vide de tes pens\u00e9es et d\u00e9tendre ton corps. Une fois plus calme, relis la derni\u00e8re question \u00e0 laquelle tu \u00e9tais et continue l\u2019examen. Pour en savoir plus sur le stress : <a href=\"https:\/\/www.cegeptr.qc.ca\/leo\/personnel\/stress-mode-de-vie\/\">Stress et mode de vie<\/a>.<\/p>\n<p><em>Adaptation du texte r\u00e9dig\u00e9 par Fran\u00e7ois H\u00e9tu, stagiaire, et Th\u00e9r\u00e8se Sirois, aide p\u00e9dagogique individuelle, C\u00e9gep r\u00e9gional de Lanaudi\u00e8re \u00e0 Joliette.<\/em><\/p>\n","protected":false},"excerpt":{"rendered":"<p>EXAMENS : PR\u00c9PARATION ET PASSATION \u00ab\u2009Que la force soit avec toi\u2009!\u2009\u00bb &nbsp; Comment \u00eatre pr\u00eat? La pr\u00e9paration aux examens est l\u2019\u00e9tape qui suit l\u2019\u00e9tude. Comment\u2009? \u00c9tudier, n\u2019est-ce pas se pr\u00e9parer aux examens\u2009? Bien s\u00fbr que si\u2009! Mais le seul fait de connaitre la mati\u00e8re n\u2019est pas suffisant pour \u00eatre visiblement pr\u00e9par\u00e9 \u00e0 un examen&#8230; C\u2019est [&hellip;]<\/p>\n","protected":false},"author":40,"featured_media":0,"parent":16,"menu_order":0,"comment_status":"closed","ping_status":"closed","template":"","meta":{"_acf_changed":false,"footnotes":""},"class_list":["post-57","page","type-page","status-publish","hentry"],"acf":[],"_links":{"self":[{"href":"https:\/\/www.cegeptr.qc.ca\/leo\/wp-json\/wp\/v2\/pages\/57","targetHints":{"allow":["GET"]}}],"collection":[{"href":"https:\/\/www.cegeptr.qc.ca\/leo\/wp-json\/wp\/v2\/pages"}],"about":[{"href":"https:\/\/www.cegeptr.qc.ca\/leo\/wp-json\/wp\/v2\/types\/page"}],"author":[{"embeddable":true,"href":"https:\/\/www.cegeptr.qc.ca\/leo\/wp-json\/wp\/v2\/users\/40"}],"replies":[{"embeddable":true,"href":"https:\/\/www.cegeptr.qc.ca\/leo\/wp-json\/wp\/v2\/comments?post=57"}],"version-history":[{"count":10,"href":"https:\/\/www.cegeptr.qc.ca\/leo\/wp-json\/wp\/v2\/pages\/57\/revisions"}],"predecessor-version":[{"id":727,"href":"https:\/\/www.cegeptr.qc.ca\/leo\/wp-json\/wp\/v2\/pages\/57\/revisions\/727"}],"up":[{"embeddable":true,"href":"https:\/\/www.cegeptr.qc.ca\/leo\/wp-json\/wp\/v2\/pages\/16"}],"wp:attachment":[{"href":"https:\/\/www.cegeptr.qc.ca\/leo\/wp-json\/wp\/v2\/media?parent=57"}],"curies":[{"name":"wp","href":"https:\/\/api.w.org\/{rel}","templated":true}]}}