{"id":63,"date":"2018-05-22T13:29:24","date_gmt":"2018-05-22T17:29:24","guid":{"rendered":"https:\/\/www.cegeptr.qc.ca\/leo\/?page_id=63"},"modified":"2025-08-14T15:32:57","modified_gmt":"2025-08-14T19:32:57","slug":"orientation-professionnelle","status":"publish","type":"page","link":"https:\/\/www.cegeptr.qc.ca\/leo\/personnel\/orientation-professionnelle\/","title":{"rendered":"Orientation professionnelle"},"content":{"rendered":"<p><img decoding=\"async\" class=\"size-full wp-image-166 alignleft\" src=\"https:\/\/www.cegeptr.qc.ca\/leo\/wp-content\/uploads\/sites\/32\/2018\/05\/Orientation-professionnelle-serre.png\" alt=\"\" width=\"89\" height=\"94\" \/><\/p>\n<h1>ORIENTATION PROFESSIONNELLE<\/h1>\n<h2><strong>\u00ab\u2009Comment faire un choix sans perdre le nord\u2009?\u2009\u00bb<\/strong><\/h2>\n<h3><strong>S\u2019orienter?<\/strong><\/h3>\n<p>C\u2019est CHOISIR une direction, et ce, aux diff\u00e9rentes \u00e9tapes de notre vie. Au cours de celle-ci, nous sommes appel\u00e9s \u00e0 faire des choix qui auront un impact sur notre cheminement personnel et professionnel.<\/p>\n<h3><strong>D\u00e9marche d&rsquo;orientation?<\/strong><\/h3>\n<p>C\u2019est une s\u00e9rie de rencontres, seul avec toi-m\u00eame ou avec un conseiller d\u2019orientation, qui te permettront de faire ressortir tes caract\u00e9ristiques personnelles, tes int\u00e9r\u00eats, tes comp\u00e9tences, tes capacit\u00e9s et les facteurs environnementaux propres \u00e0 ta situation. Une fois que tu te connais mieux, diff\u00e9rentes possibilit\u00e9s sont explor\u00e9es afin d\u2019arriver \u00e0 faire un choix \u00e9clair\u00e9 et satisfaisant.<\/p>\n<h3><strong>Voici en sch\u00e9ma la d\u00e9marche d&rsquo;orientation<\/strong><\/h3>\n<p><img decoding=\"async\" class=\"size-full wp-image-367 alignnone\" src=\"https:\/\/www.cegeptr.qc.ca\/leo\/wp-content\/uploads\/sites\/32\/2019\/03\/shema-demarche-orientation_orange.jpg\" alt=\"\" width=\"587\" height=\"400\" srcset=\"https:\/\/www.cegeptr.qc.ca\/leo\/wp-content\/uploads\/sites\/32\/2019\/03\/shema-demarche-orientation_orange-300x204.jpg 300w, https:\/\/www.cegeptr.qc.ca\/leo\/wp-content\/uploads\/sites\/32\/2019\/03\/shema-demarche-orientation_orange.jpg 587w\" sizes=\"(max-width: 587px) 100vw, 587px\" \/><\/p>\n<h3><strong>Qu\u2019en est-il au coll\u00e9gial\u2009?<\/strong><\/h3>\n<p>La fin du secondaire et le parcours coll\u00e9gial sont des \u00e9tapes importantes o\u00f9 tu dois faire tes premiers choix professionnels. Certains y arrivent facilement alors que pour d\u2019autres, c\u2019est plus difficile, voire angoissant\u2026<\/p>\n<p><span style=\"color: #ff0000\"><img decoding=\"async\" class=\"size-full wp-image-365 alignnone\" src=\"https:\/\/www.cegeptr.qc.ca\/leo\/wp-content\/uploads\/sites\/32\/2019\/03\/pas-de-panique-2.png\" alt=\"\" width=\"632\" height=\"406\" srcset=\"https:\/\/www.cegeptr.qc.ca\/leo\/wp-content\/uploads\/sites\/32\/2019\/03\/pas-de-panique-2-300x193.png 300w, https:\/\/www.cegeptr.qc.ca\/leo\/wp-content\/uploads\/sites\/32\/2019\/03\/pas-de-panique-2-460x295.png 460w, https:\/\/www.cegeptr.qc.ca\/leo\/wp-content\/uploads\/sites\/32\/2019\/03\/pas-de-panique-2.png 632w\" sizes=\"(max-width: 632px) 100vw, 632px\" \/><\/span><\/p>\n<h3><strong>Quelle est ta situation\u2009?<\/strong><\/h3>\n<p><a href=\"https:\/\/www.cegeptr.qc.ca\/leo\/personnel\/orientation-professionnelle\/orientation-soi-meme\/\"><img decoding=\"async\" class=\"alignnone wp-image-421 size-full\" src=\"https:\/\/www.cegeptr.qc.ca\/leo\/wp-content\/uploads\/sites\/32\/2019\/03\/bulle-aucune-idee.jpg\" alt=\"\" width=\"128\" height=\"128\" srcset=\"https:\/\/www.cegeptr.qc.ca\/leo\/wp-content\/uploads\/sites\/32\/2019\/03\/bulle-aucune-idee-66x66.jpg 66w, https:\/\/www.cegeptr.qc.ca\/leo\/wp-content\/uploads\/sites\/32\/2019\/03\/bulle-aucune-idee.jpg 128w\" sizes=\"(max-width: 128px) 100vw, 128px\" \/><\/a>\u00a0 \u00a0 \u00a0<a href=\"https:\/\/www.cegeptr.qc.ca\/leo\/personnel\/orientation-professionnelle\/je-ne-suis-pas-heureux-dans-mon-programme\/\"><img decoding=\"async\" class=\"alignnone wp-image-451 size-full\" src=\"https:\/\/www.cegeptr.qc.ca\/leo\/wp-content\/uploads\/sites\/32\/2019\/03\/bulle-pas-heureux-centre.jpg\" alt=\"\" width=\"136\" height=\"128\" srcset=\"https:\/\/www.cegeptr.qc.ca\/leo\/wp-content\/uploads\/sites\/32\/2019\/03\/bulle-pas-heureux-centre-52x50.jpg 52w, https:\/\/www.cegeptr.qc.ca\/leo\/wp-content\/uploads\/sites\/32\/2019\/03\/bulle-pas-heureux-centre.jpg 136w\" sizes=\"(max-width: 136px) 100vw, 136px\" \/><\/a>\u00a0 \u00a0<a href=\"https:\/\/www.cegeptr.qc.ca\/leo\/personnel\/orientation-professionnelle\/jhesite-entre-quelques-choix\/\"><img decoding=\"async\" class=\"alignnone wp-image-450 size-full\" src=\"https:\/\/www.cegeptr.qc.ca\/leo\/wp-content\/uploads\/sites\/32\/2019\/03\/bulle-hesite-centre.jpg\" alt=\"\" width=\"136\" height=\"128\" srcset=\"https:\/\/www.cegeptr.qc.ca\/leo\/wp-content\/uploads\/sites\/32\/2019\/03\/bulle-hesite-centre-52x50.jpg 52w, https:\/\/www.cegeptr.qc.ca\/leo\/wp-content\/uploads\/sites\/32\/2019\/03\/bulle-hesite-centre.jpg 136w\" sizes=\"(max-width: 136px) 100vw, 136px\" \/><\/a>\u00a0 \u00a0 \u00a0<a href=\"https:\/\/www.cegeptr.qc.ca\/leo\/personnel\/orientation-professionnelle\/je-suis-demotive-et-jai-de-la-difficulte-a-reussir-mes-cours\/\"><img decoding=\"async\" class=\"alignnone wp-image-423\" src=\"https:\/\/www.cegeptr.qc.ca\/leo\/wp-content\/uploads\/sites\/32\/2019\/03\/bulle-demotive.jpg\" alt=\"\" width=\"128\" height=\"128\" srcset=\"https:\/\/www.cegeptr.qc.ca\/leo\/wp-content\/uploads\/sites\/32\/2019\/03\/bulle-demotive-66x66.jpg 66w, https:\/\/www.cegeptr.qc.ca\/leo\/wp-content\/uploads\/sites\/32\/2019\/03\/bulle-demotive.jpg 128w\" sizes=\"(max-width: 128px) 100vw, 128px\" \/><\/a>\u00a0 \u00a0<a href=\"https:\/\/www.cegeptr.qc.ca\/leo\/personnel\/orientation-professionnelle\/je-veux-de-linformation-sur-le-programme-et-la-profession-qui-minteressent\/\"><img decoding=\"async\" class=\"alignnone wp-image-426 size-full\" src=\"https:\/\/www.cegeptr.qc.ca\/leo\/wp-content\/uploads\/sites\/32\/2019\/03\/bulle-veux-info.jpg\" alt=\"\" width=\"210\" height=\"128\" \/><\/a><\/p>\n<p><img decoding=\"async\" class=\"alignright wp-image-914 size-medium\" src=\"https:\/\/www.cegeptr.qc.ca\/leo\/wp-content\/uploads\/sites\/32\/2025\/08\/Logo_serv_orientation-01-300x115.jpg\" alt=\"Service orientation\" width=\"300\" height=\"115\" srcset=\"https:\/\/www.cegeptr.qc.ca\/leo\/wp-content\/uploads\/sites\/32\/2025\/08\/Logo_serv_orientation-01-200x76.jpg 200w, https:\/\/www.cegeptr.qc.ca\/leo\/wp-content\/uploads\/sites\/32\/2025\/08\/Logo_serv_orientation-01-300x115.jpg 300w, https:\/\/www.cegeptr.qc.ca\/leo\/wp-content\/uploads\/sites\/32\/2025\/08\/Logo_serv_orientation-01-400x153.jpg 400w, https:\/\/www.cegeptr.qc.ca\/leo\/wp-content\/uploads\/sites\/32\/2025\/08\/Logo_serv_orientation-01-600x229.jpg 600w, https:\/\/www.cegeptr.qc.ca\/leo\/wp-content\/uploads\/sites\/32\/2025\/08\/Logo_serv_orientation-01-768x293.jpg 768w, https:\/\/www.cegeptr.qc.ca\/leo\/wp-content\/uploads\/sites\/32\/2025\/08\/Logo_serv_orientation-01-800x305.jpg 800w, https:\/\/www.cegeptr.qc.ca\/leo\/wp-content\/uploads\/sites\/32\/2025\/08\/Logo_serv_orientation-01-1024x391.jpg 1024w, https:\/\/www.cegeptr.qc.ca\/leo\/wp-content\/uploads\/sites\/32\/2025\/08\/Logo_serv_orientation-01-1200x458.jpg 1200w, https:\/\/www.cegeptr.qc.ca\/leo\/wp-content\/uploads\/sites\/32\/2025\/08\/Logo_serv_orientation-01.jpg 1333w\" sizes=\"(max-width: 300px) 100vw, 300px\" \/><\/p>\n","protected":false},"excerpt":{"rendered":"<p>ORIENTATION PROFESSIONNELLE \u00ab\u2009Comment faire un choix sans perdre le nord\u2009?\u2009\u00bb S\u2019orienter? C\u2019est CHOISIR une direction, et ce, aux diff\u00e9rentes \u00e9tapes de notre vie. Au cours de celle-ci, nous sommes appel\u00e9s \u00e0 faire des choix qui auront un impact sur notre cheminement personnel et professionnel. D\u00e9marche d&rsquo;orientation? C\u2019est une s\u00e9rie de rencontres, seul avec toi-m\u00eame ou [&hellip;]<\/p>\n","protected":false},"author":40,"featured_media":0,"parent":18,"menu_order":0,"comment_status":"closed","ping_status":"closed","template":"","meta":{"_acf_changed":false,"footnotes":""},"class_list":["post-63","page","type-page","status-publish","hentry"],"acf":[],"_links":{"self":[{"href":"https:\/\/www.cegeptr.qc.ca\/leo\/wp-json\/wp\/v2\/pages\/63","targetHints":{"allow":["GET"]}}],"collection":[{"href":"https:\/\/www.cegeptr.qc.ca\/leo\/wp-json\/wp\/v2\/pages"}],"about":[{"href":"https:\/\/www.cegeptr.qc.ca\/leo\/wp-json\/wp\/v2\/types\/page"}],"author":[{"embeddable":true,"href":"https:\/\/www.cegeptr.qc.ca\/leo\/wp-json\/wp\/v2\/users\/40"}],"replies":[{"embeddable":true,"href":"https:\/\/www.cegeptr.qc.ca\/leo\/wp-json\/wp\/v2\/comments?post=63"}],"version-history":[{"count":18,"href":"https:\/\/www.cegeptr.qc.ca\/leo\/wp-json\/wp\/v2\/pages\/63\/revisions"}],"predecessor-version":[{"id":913,"href":"https:\/\/www.cegeptr.qc.ca\/leo\/wp-json\/wp\/v2\/pages\/63\/revisions\/913"}],"up":[{"embeddable":true,"href":"https:\/\/www.cegeptr.qc.ca\/leo\/wp-json\/wp\/v2\/pages\/18"}],"wp:attachment":[{"href":"https:\/\/www.cegeptr.qc.ca\/leo\/wp-json\/wp\/v2\/media?parent=63"}],"curies":[{"name":"wp","href":"https:\/\/api.w.org\/{rel}","templated":true}]}}