{"id":799,"date":"2020-08-10T09:29:36","date_gmt":"2020-08-10T13:29:36","guid":{"rendered":"https:\/\/www.cegeptr.qc.ca\/leo\/?page_id=799"},"modified":"2021-09-22T09:19:10","modified_gmt":"2021-09-22T13:19:10","slug":"etudes-distance","status":"publish","type":"page","link":"https:\/\/www.cegeptr.qc.ca\/leo\/etudes-distance\/","title":{"rendered":"\u00c9tudier \u00e0 distance"},"content":{"rendered":"<h3><img decoding=\"async\" class=\"alignright wp-image-801\" src=\"https:\/\/www.cegeptr.qc.ca\/leo\/wp-content\/uploads\/sites\/32\/2020\/08\/fille-etudie-distance.png\" alt=\"\" width=\"300\" height=\"348\" srcset=\"https:\/\/www.cegeptr.qc.ca\/leo\/wp-content\/uploads\/sites\/32\/2020\/08\/fille-etudie-distance-200x232.png 200w, https:\/\/www.cegeptr.qc.ca\/leo\/wp-content\/uploads\/sites\/32\/2020\/08\/fille-etudie-distance-259x300.png 259w, https:\/\/www.cegeptr.qc.ca\/leo\/wp-content\/uploads\/sites\/32\/2020\/08\/fille-etudie-distance-400x464.png 400w, https:\/\/www.cegeptr.qc.ca\/leo\/wp-content\/uploads\/sites\/32\/2020\/08\/fille-etudie-distance-600x696.png 600w, https:\/\/www.cegeptr.qc.ca\/leo\/wp-content\/uploads\/sites\/32\/2020\/08\/fille-etudie-distance.png 713w\" sizes=\"(max-width: 300px) 100vw, 300px\" \/><\/h3>\n<h1>\u00c9tudier \u00e0 distance<\/h1>\n<h3><strong>Capsules d\u2019aide<\/strong><\/h3>\n<ul>\n<li><strong><a href=\"https:\/\/www.cegeptr.qc.ca\/leo\/wp-content\/uploads\/sites\/32\/2020\/09\/Zoom-avec-authentification.pdf\" target=\"_blank\" rel=\"noopener noreferrer\">Zoom : Comment joindre une r\u00e9union Zoom avec authentification obligatoire<\/a><\/strong><\/li>\n<li>Trucs et conseils pour \u00e9tudier \u00e0 distance, <a href=\"https:\/\/youtu.be\/DIH5cJ_2jqs\" target=\"_blank\" rel=\"noopener noreferrer\">vid\u00e9o<\/a>\u00a0et <a href=\"https:\/\/www.cegeptr.qc.ca\/wp-content\/uploads\/2020\/07\/etudier-en-classe-virtuelle.pdf\" target=\"_blank\" rel=\"noopener noreferrer\">PDF aide-m\u00e9moire.<\/a><\/li>\n<li><a href=\"https:\/\/www.cegeptr.qc.ca\/leo\/wp-content\/uploads\/sites\/32\/2021\/09\/Mesures-alternatives-Etudiants_final.pdf\" target=\"_blank\" rel=\"noopener noreferrer\">Guide d\u2019appropriation des outils num\u00e9riques<\/a><\/li>\n<li><a href=\"https:\/\/cegeptroisrivieres-my.sharepoint.com\/personal\/aglae_duhamel_dube_cegeptr_qc_ca\/_layouts\/15\/onedrive.aspx?id=%2Fpersonal%2Faglae%5Fduhamel%5Fdube%5Fcegeptr%5Fqc%5Fca%2FDocuments%2Fzoom%5F0%5Fmonter%2Emp4&amp;parent=%2Fpersonal%2Faglae%5Fduhamel%5Fdube%5Fcegeptr%5Fqc%5Fca%2FDocuments&amp;originalPath=aHR0cHM6Ly9jZWdlcHRyb2lzcml2aWVyZXMtbXkuc2hhcmVwb2ludC5jb20vOnY6L2cvcGVyc29uYWwvYWdsYWVfZHVoYW1lbF9kdWJlX2NlZ2VwdHJfcWNfY2EvRVVha1g4XzYyMEpDbm5YWlFQMldRY1FCLUp1dGJlR0pjSEJFX0gtc0daU0U2QT9ydGltZT03OVRVWTVkSzJFZw\" target=\"_blank\" rel=\"noopener noreferrer\">Int\u00e9grit\u00e9 intellectuelle et plagiat<\/a><\/li>\n<li><a href=\"https:\/\/youtu.be\/5EyuGRDK2ng\" target=\"_blank\" rel=\"noopener noreferrer\">Teams : Comment se connecter sur Teams\u00a0<\/a><\/li>\n<li><a href=\"https:\/\/youtu.be\/XJ1531Bfy_w\" target=\"_blank\" rel=\"noopener noreferrer\">Teams : Comment joindre un cours<\/a><\/li>\n<li><a href=\"https:\/\/youtu.be\/T9tFmNgD95U\" target=\"_blank\" rel=\"noopener noreferrer\">Teams : Comment tester mon micro et ma cam\u00e9ra<\/a><\/li>\n<li><a href=\"https:\/\/dsi.cegeptr.qc.ca\/documentation\/o365\/\" target=\"_blank\" rel=\"noopener noreferrer\">Office 365 : Comment installer Office 365 sur mon ordinateur <\/a>(le C\u00e9gep de Trois-Rivi\u00e8res offre gratuitement l\u2019acc\u00e8s \u00e0 Office 365 \u00e0 tous ses \u00e9tudiants).<\/li>\n<\/ul>\n<h3><strong>N\u00e9tiquette<\/strong><\/h3>\n<p>La n\u00e9tiquette est une charte qui d\u00e9finit et balise les r\u00e8gles de conduite et de biens\u00e9ances recommand\u00e9es lors de l&rsquo;utilisation des plateformes p\u00e9dagonum\u00e9riques dans un contexte p\u00e9dagogique. Elle vise \u00e0 favoriser et garantir un climat propice \u00e0 l&rsquo;apprentissage et l\u2019enseignement.<\/p>\n<p><a href=\"https:\/\/www.cegeptr.qc.ca\/leo\/wp-content\/uploads\/sites\/32\/2021\/08\/GuideNetiquette.pdf\" target=\"_blank\" rel=\"noopener\">Consulter la netiquette<\/a><\/p>\n<h3><strong>Choisir un ordinateur<\/strong><\/h3>\n<p>Les \u00e9tudiants doivent avoir acc\u00e8s \u00e0 un ordinateur capable de supporter la suite Office 365. <a href=\"https:\/\/www.microsoft.com\/fr-ca\/microsoft-365\/microsoft-365-and-office-resources\" target=\"_blank\" rel=\"noopener noreferrer\">Veuillez vous r\u00e9f\u00e9rer aux sp\u00e9cificit\u00e9s suivantes.<\/a><\/p>\n<p><strong>Ordinateur et processeur :<br \/>\n<\/strong>SE Windows : 1,6 GHz ou plus rapide, 2 c\u0153urs. 2 GHz ou plus recommand\u00e9s pour Skype Entreprise<br \/>\nmacOS : processeur Intel<\/p>\n<p><strong>M\u00e9moire :<br \/>\n<\/strong>SE Windows : 4 Go de RAM ; 2 Go de RAM (32 bits)<br \/>\nmacOS : 4 Go de RAM<\/p>\n<p><strong>Disque dur :<br \/>\n<\/strong>SE Windows : 4 Go d\u2019espace disque disponible<br \/>\nmacOS : 10 Go d\u2019espace disque disponible ; disque dur HFS+ (\u00e9galement connu sous le nom de format macOS Extended) ou les mises \u00e0 jour APFS peuvent n\u00e9cessiter de l\u2019espace de stockage suppl\u00e9mentaire au fil du temps.<\/p>\n<h3><strong>Pr\u00eat de portable<\/strong><\/h3>\n<p>Afin de venir en aide aux \u00e9tudiantes et \u00e9tudiants vivant une situation\u00a0\u00e9conomique difficile,\u00a0le C\u00e9gep de Trois-Rivi\u00e8res, en collaboration avec la Fondation,\u00a0offre le service de pr\u00eat de portable. Pour adresser une demande, vous devez remplir le formulaire sur Omnivox dans la section Quoi de neuf.<\/p>\n<p>La suite Office disponible pour l\u2019ensemble de la communaut\u00e9 coll\u00e9giale pourra \u00eatre install\u00e9e sur les portables. Cependant, puisque ces portables sont reconditionn\u00e9s, ils ne peuvent pas supporter des logiciels tr\u00e8s lourds.<\/p>\n<p>Les portables sont pr\u00eat\u00e9s pour toute la dur\u00e9e de la session et doivent \u00eatre retourn\u00e9s en bon \u00e9tat \u00e0 la fin du pr\u00eat.<\/p>\n<h3><strong>Salles de travail disponibles<\/strong><\/h3>\n<p><strong>Salles de travail SANS ordinateur<\/strong><\/p>\n<table style=\"border-collapse: collapse;width: 100%\">\n<tbody>\n<tr>\n<td style=\"width: 50%\">Humanit\u00e9s :<\/p>\n<ul>\n<li>Biblioth\u00e8que<\/li>\n<li>Agora<\/li>\n<li>Caf\u00e9t\u00e9ria<\/li>\n<li>Loft<\/li>\n<\/ul>\n<\/td>\n<td style=\"width: 50%\">Sciences :<\/p>\n<ul>\n<li>SA-2004 (en tout temps)<\/li>\n<li>Caf\u00e9t\u00e9ria (en tout temps)<\/li>\n<li>SA-3035 (sauf lundi pm et mardi pm)<\/li>\n<li>SA-2070 (seulement le lundi am et le mardi am)<\/li>\n<\/ul>\n<\/td>\n<\/tr>\n<\/tbody>\n<\/table>\n<p><strong>Salles de travail AVEC ordinateur<\/strong><\/p>\n<ul>\n<li>Biblioth\u00e8que (Humanit\u00e9s)<\/li>\n<li>Mat\u00e9riauth\u00e8que (Sciences)<\/li>\n<\/ul>\n<h3><strong>Soutien num\u00e9rique<\/strong><\/h3>\n<p>Tu as besoin d&rsquo;aide? Des \u00e9tudiants en Techniques de l&rsquo;informatique sont l\u00e0 pour t&rsquo;aider!<\/p>\n<p>Si l\u2019informatique te cause des maux de t\u00eate, tu peux faire appel \u00e0 EspaceI si tu as besoin d\u2019aide pour divers probl\u00e8mes notamment avec les plateformes d\u2019apprentissages ou tout simplement pour installer Antidote. Chaque jour entre 12 h et 14 h quelqu\u2019un pourra t\u2019aider \u00e0 trouver une solution.<\/p>\n<p>Humanit\u00e9s : Mardi et jeudi \u2013 au Loft<\/p>\n<p>Sciences : Lundi, mercredi et vendredi \u2013 dans la caf\u00e9t\u00e9ria au local de l\u2019AGE<\/p>\n<p><strong>Par courriel : <\/strong><a href=\"mailto:espacei.depannage@cegeptr.qc.ca\">espacei.depannage@cegeptr.qc.ca<\/a><\/p>\n<p>N&rsquo;oublie pas de pr\u00e9ciser ton nom, ton num\u00e9ro de t\u00e9l\u00e9phone, ton programme ainsi qu\u2019une br\u00e8ve description de ton probl\u00e8me. Un membre de l\u2019\u00e9quipe te contactera.<\/p>\n<h3><strong>Mes acc\u00e8s<\/strong><\/h3>\n<p><strong>Omnivox<\/strong>\u00a0: Omnivox est un essentiel pour ton cheminement scolaire (choix de cours, paiement, horaire, informations importantes du c\u00e9gep, etc.). Tu peux aussi t\u00e9l\u00e9charger l\u2019application mobile.<\/p>\n<p><strong>Mio<\/strong>\u00a0: c\u2019est la Messagerie Interne d\u2019Omnivox. C\u2019est par ce moyen que tes enseignants communiqueront avec toi.<\/p>\n<p><strong>Matricule<\/strong>\u00a0: C\u2019est un num\u00e9ro de 7 chiffres qui se retrouve sur tes documents d\u2019admission. Il te permettra d\u2019acc\u00e9der \u00e0 Omnivox et au Portail C\u00e9gepTR.<\/p>\n<p><strong>Adresse courriel du c\u00e9gep<\/strong>\u00a0: sous la forme\u00a0<span class=\"skimlinks-unlinked\">nom.prenom.01@edu.cegeptr.qc.ca<\/span>.\u00a0\u00a0<a href=\"https:\/\/youtu.be\/VrRcNOyA2RY\" target=\"_blank\" rel=\"noopener noreferrer\">Comment acc\u00e9der au portail du C\u00e9gepTR et trouver mon adresse courriel?<\/a><\/p>\n","protected":false},"excerpt":{"rendered":"<p>\u00c9tudier \u00e0 distance Capsules d\u2019aide Zoom : Comment joindre une r\u00e9union Zoom avec authentification obligatoire Trucs et conseils pour \u00e9tudier \u00e0 distance, vid\u00e9o\u00a0et PDF aide-m\u00e9moire. Guide d\u2019appropriation des outils num\u00e9riques Int\u00e9grit\u00e9 intellectuelle et plagiat Teams : Comment se connecter sur Teams\u00a0 Teams : Comment joindre un cours Teams : Comment tester mon micro et ma [&hellip;]<\/p>\n","protected":false},"author":40,"featured_media":0,"parent":0,"menu_order":0,"comment_status":"closed","ping_status":"closed","template":"","meta":{"_acf_changed":false,"footnotes":""},"class_list":["post-799","page","type-page","status-publish","hentry"],"acf":[],"_links":{"self":[{"href":"https:\/\/www.cegeptr.qc.ca\/leo\/wp-json\/wp\/v2\/pages\/799","targetHints":{"allow":["GET"]}}],"collection":[{"href":"https:\/\/www.cegeptr.qc.ca\/leo\/wp-json\/wp\/v2\/pages"}],"about":[{"href":"https:\/\/www.cegeptr.qc.ca\/leo\/wp-json\/wp\/v2\/types\/page"}],"author":[{"embeddable":true,"href":"https:\/\/www.cegeptr.qc.ca\/leo\/wp-json\/wp\/v2\/users\/40"}],"replies":[{"embeddable":true,"href":"https:\/\/www.cegeptr.qc.ca\/leo\/wp-json\/wp\/v2\/comments?post=799"}],"version-history":[{"count":28,"href":"https:\/\/www.cegeptr.qc.ca\/leo\/wp-json\/wp\/v2\/pages\/799\/revisions"}],"predecessor-version":[{"id":855,"href":"https:\/\/www.cegeptr.qc.ca\/leo\/wp-json\/wp\/v2\/pages\/799\/revisions\/855"}],"wp:attachment":[{"href":"https:\/\/www.cegeptr.qc.ca\/leo\/wp-json\/wp\/v2\/media?parent=799"}],"curies":[{"name":"wp","href":"https:\/\/api.w.org\/{rel}","templated":true}]}}