{"id":894,"date":"2023-09-06T09:02:18","date_gmt":"2023-09-06T13:02:18","guid":{"rendered":"https:\/\/www.cegeptr.qc.ca\/leo\/?page_id=894"},"modified":"2023-09-06T09:13:09","modified_gmt":"2023-09-06T13:13:09","slug":"la-virgule","status":"publish","type":"page","link":"https:\/\/www.cegeptr.qc.ca\/leo\/methodologie\/la-virgule\/","title":{"rendered":"La virgule"},"content":{"rendered":"<h1>LA VIRGULE<\/h1>\n<h3>La virgule, pas si banale!<br \/>\n<iframe title=\"YouTube video player\" src=\"https:\/\/www.youtube.com\/embed\/9iLw-hhS5zk?si=86_kumtRtY_JiQRW\" width=\"560\" height=\"315\" frameborder=\"0\" allowfullscreen=\"allowfullscreen\"><\/iframe><\/h3>\n<h3>Les trois r\u00f4les de la virgule : observation<br \/>\n<iframe title=\"YouTube video player\" src=\"https:\/\/www.youtube.com\/embed\/1Sgs-yVDmhY?si=k6QjFnqo-0Orjh8X\" width=\"560\" height=\"315\" frameborder=\"0\" allowfullscreen=\"allowfullscreen\"><\/iframe><\/h3>\n<h3>La virgule: la phrase de base<br \/>\n<iframe title=\"YouTube video player\" src=\"https:\/\/www.youtube.com\/embed\/zelKVwIMGzE?si=Zs2R6ZMuT-p6N03F\" width=\"560\" height=\"315\" frameborder=\"0\" allowfullscreen=\"allowfullscreen\"><\/iframe><\/h3>\n<h3>La virgule interdite<br \/>\n<iframe title=\"YouTube video player\" src=\"https:\/\/www.youtube.com\/embed\/NWYu2yc9PAQ?si=k9JPwqPvHv_CnyVm\" width=\"560\" height=\"315\" frameborder=\"0\" allowfullscreen=\"allowfullscreen\"><\/iframe><\/h3>\n<h3>La virgule: modification de la structure de base par d\u00e9placement, addition ou soustraction<br \/>\n<iframe title=\"YouTube video player\" src=\"https:\/\/www.youtube.com\/embed\/VfJ0HWBbECg?si=H8ZeDxxgxsb6_G63\" width=\"560\" height=\"315\" frameborder=\"0\" allowfullscreen=\"allowfullscreen\"><\/iframe><\/h3>\n<h3>La virgule: le CP d\u00e9plac\u00e9<br \/>\n<iframe title=\"YouTube video player\" src=\"https:\/\/www.youtube.com\/embed\/y7SLp_2886s?si=uO-5ynZ4kSP3ngTt\" width=\"560\" height=\"315\" frameborder=\"0\" allowfullscreen=\"allowfullscreen\"><\/iframe><\/h3>\n<h3>La virgule, addition d&rsquo;\u00e9l\u00e9ments d\u00e9tach\u00e9s<br \/>\n<iframe title=\"YouTube video player\" src=\"https:\/\/www.youtube.com\/embed\/Rnp4JlY8hKI?si=P2MtLuj2mUKMVBk4\" width=\"560\" height=\"315\" frameborder=\"0\" allowfullscreen=\"allowfullscreen\"><\/iframe><\/h3>\n<h3>La virgule, addition d&rsquo;\u00e9l\u00e9ments d\u00e9tach\u00e9s: compl\u00e9ment explicatif<br \/>\n<iframe title=\"YouTube video player\" src=\"https:\/\/www.youtube.com\/embed\/vsm4HOe21ec?si=GnBp5FMl7KA-7ICL\" width=\"560\" height=\"315\" frameborder=\"0\" allowfullscreen=\"allowfullscreen\"><\/iframe><\/h3>\n<h3>La virgule, relative explicative et d\u00e9terminative<br \/>\n<iframe title=\"YouTube video player\" src=\"https:\/\/www.youtube.com\/embed\/oWdUSVcR6kk?si=mHmDjOQFeO-iTH3v\" width=\"560\" height=\"315\" frameborder=\"0\" allowfullscreen=\"allowfullscreen\"><\/iframe><\/h3>\n<h3>L&rsquo;ellipse<br \/>\n<iframe title=\"YouTube video player\" src=\"https:\/\/www.youtube.com\/embed\/ELxLAg-QxRA?si=-Ay9oERhZZUmVYOI\" width=\"560\" height=\"315\" frameborder=\"0\" allowfullscreen=\"allowfullscreen\"><\/iframe><\/h3>\n<h3>La virgule s\u00e9pare des \u00e9l\u00e9ments juxtapos\u00e9s<br \/>\n<iframe title=\"YouTube video player\" src=\"https:\/\/www.youtube.com\/embed\/tPSGcRCvukg?si=hlVmHZ0-qKvqLiA1\" width=\"560\" height=\"315\" frameborder=\"0\" allowfullscreen=\"allowfullscreen\"><\/iframe><\/h3>\n<h3>La virgule renforce des mots liens<br \/>\n<iframe title=\"YouTube video player\" src=\"https:\/\/www.youtube.com\/embed\/IFb-A_QRG1I?si=ZWJ9DVH2n8AsrzoQ\" width=\"560\" height=\"315\" frameborder=\"0\" allowfullscreen=\"allowfullscreen\"><\/iframe><\/h3>\n<h3>La virgule avec les coordonnants car, mais<br \/>\n<iframe title=\"YouTube video player\" src=\"https:\/\/www.youtube.com\/embed\/YR6LPAIwZ4k?si=JA3-AKI_256apo7f\" width=\"560\" height=\"315\" frameborder=\"0\" allowfullscreen=\"allowfullscreen\"><\/iframe><\/h3>\n<h3>La virgule avec et, ou, ni<br \/>\n<iframe title=\"YouTube video player\" src=\"https:\/\/www.youtube.com\/embed\/wmOMGPsjPz0?si=vKshkyDtXfX8CcdO\" width=\"560\" height=\"315\" frameborder=\"0\" allowfullscreen=\"allowfullscreen\"><\/iframe><\/h3>\n<h3>La virgule avec les introducteurs<br \/>\n<iframe title=\"YouTube video player\" src=\"https:\/\/www.youtube.com\/embed\/ZMYPsU-mkAM?si=BCNBKwrZf4yAAG14\" width=\"560\" height=\"315\" frameborder=\"0\" allowfullscreen=\"allowfullscreen\"><\/iframe><\/h3>\n<h3>La virgule avec marqueurs de relations (organisateurs textuels)<br \/>\n<iframe title=\"YouTube video player\" src=\"https:\/\/www.youtube.com\/embed\/plafi9PgvYg?si=c6NuGuNx3jQe-6qk\" width=\"560\" height=\"315\" frameborder=\"0\" allowfullscreen=\"allowfullscreen\"><\/iframe><\/h3>\n<h3>La virgule avec les subordonnants explicatifs<br \/>\n<iframe title=\"YouTube video player\" src=\"https:\/\/www.youtube.com\/embed\/HQH-twAAtRk?si=aKGcPKTcbLagVwpn\" width=\"560\" height=\"315\" frameborder=\"0\" allowfullscreen=\"allowfullscreen\"><\/iframe><\/h3>\n<h3>La virgule avec et ce, etc.<br \/>\n<iframe title=\"YouTube video player\" src=\"https:\/\/www.youtube.com\/embed\/oP3FQq5eKL0?si=wFwTPFYDywOc0F0k\" width=\"560\" height=\"315\" frameborder=\"0\" allowfullscreen=\"allowfullscreen\"><\/iframe><\/h3>\n","protected":false},"excerpt":{"rendered":"<p>LA VIRGULE La virgule, pas si banale! Les trois r\u00f4les de la virgule : observation La virgule: la phrase de base La virgule interdite La virgule: modification de la structure de base par d\u00e9placement, addition ou soustraction La virgule: le CP d\u00e9plac\u00e9 La virgule, addition d&rsquo;\u00e9l\u00e9ments d\u00e9tach\u00e9s La virgule, addition d&rsquo;\u00e9l\u00e9ments d\u00e9tach\u00e9s: compl\u00e9ment explicatif La [&hellip;]<\/p>\n","protected":false},"author":40,"featured_media":0,"parent":16,"menu_order":0,"comment_status":"closed","ping_status":"closed","template":"","meta":{"_acf_changed":false,"footnotes":""},"class_list":["post-894","page","type-page","status-publish","hentry"],"acf":[],"_links":{"self":[{"href":"https:\/\/www.cegeptr.qc.ca\/leo\/wp-json\/wp\/v2\/pages\/894","targetHints":{"allow":["GET"]}}],"collection":[{"href":"https:\/\/www.cegeptr.qc.ca\/leo\/wp-json\/wp\/v2\/pages"}],"about":[{"href":"https:\/\/www.cegeptr.qc.ca\/leo\/wp-json\/wp\/v2\/types\/page"}],"author":[{"embeddable":true,"href":"https:\/\/www.cegeptr.qc.ca\/leo\/wp-json\/wp\/v2\/users\/40"}],"replies":[{"embeddable":true,"href":"https:\/\/www.cegeptr.qc.ca\/leo\/wp-json\/wp\/v2\/comments?post=894"}],"version-history":[{"count":7,"href":"https:\/\/www.cegeptr.qc.ca\/leo\/wp-json\/wp\/v2\/pages\/894\/revisions"}],"predecessor-version":[{"id":902,"href":"https:\/\/www.cegeptr.qc.ca\/leo\/wp-json\/wp\/v2\/pages\/894\/revisions\/902"}],"up":[{"embeddable":true,"href":"https:\/\/www.cegeptr.qc.ca\/leo\/wp-json\/wp\/v2\/pages\/16"}],"wp:attachment":[{"href":"https:\/\/www.cegeptr.qc.ca\/leo\/wp-json\/wp\/v2\/media?parent=894"}],"curies":[{"name":"wp","href":"https:\/\/api.w.org\/{rel}","templated":true}]}}